{"id":504,"date":"2014-06-29T13:48:47","date_gmt":"2014-06-29T11:48:47","guid":{"rendered":"http:\/\/www.uerdinger-buergerwehr.de\/?page_id=504"},"modified":"2016-10-20T16:19:45","modified_gmt":"2016-10-20T15:19:45","slug":"veranstaltungen","status":"publish","type":"page","link":"https:\/\/www.uerdinger-buergerwehr.de\/?page_id=504","title":{"rendered":"Veranstaltungen"},"content":{"rendered":"<p style=\"text-align: center;\"><span class=\"ueberschrift_start\" style=\"color: #000000;\">Auch wir haben nat\u00fcrlich unsere diversen Veranstaltungen.\u00a0<\/span><\/p>\n<p>Wichtigste Veranstaltung der Uerdinger B\u00fcrgerwehr ist der eigene Uniformappell!<\/p>\n<p style=\"text-align: center;\"><a href=\"https:\/\/www.uerdinger-buergerwehr.de\/wp-content\/uploads\/2014\/06\/Uniformappell03.jpg\"><img loading=\"lazy\" decoding=\"async\" class=\"alignnone  wp-image-464\" src=\"https:\/\/www.uerdinger-buergerwehr.de\/wp-content\/uploads\/2014\/06\/Uniformappell03-300x146.jpg\" alt=\"Uniformappell03\" width=\"443\" height=\"216\" srcset=\"https:\/\/www.uerdinger-buergerwehr.de\/wp-content\/uploads\/2014\/06\/Uniformappell03-300x146.jpg 300w, https:\/\/www.uerdinger-buergerwehr.de\/wp-content\/uploads\/2014\/06\/Uniformappell03.jpg 559w\" sizes=\"auto, (max-width: 443px) 100vw, 443px\" \/><\/a><\/p>\n<p style=\"text-align: center;\"><span style=\"color: #000000;\">Dieser findet jedes Jahr zu Beginn der Session statt. Dort \u201ckontrolliert\u201d der Spie\u00df die Truppe und die jeweilige<\/span><br style=\"color: #000000;\" \/><span style=\"color: #000000;\">Prinzessin \u00fcbernimmt \u201cIhre M\u00e4nner\u201d!\u00a0<\/span><\/p>\n<p style=\"text-align: center;\"><a href=\"https:\/\/www.uerdinger-buergerwehr.de\/wp-content\/uploads\/2014\/06\/Rathausverteidigung.jpg\"><img loading=\"lazy\" decoding=\"async\" class=\"alignnone  wp-image-117\" src=\"https:\/\/www.uerdinger-buergerwehr.de\/wp-content\/uploads\/2014\/06\/Rathausverteidigung.jpg\" alt=\"Rathausverteidigung\" width=\"234\" height=\"157\" \/><\/a>\u00a0 \u00a0<a href=\"https:\/\/www.uerdinger-buergerwehr.de\/wp-content\/uploads\/2014\/06\/Rathausverteidigung2003.jpg\"><img loading=\"lazy\" decoding=\"async\" class=\"alignnone  wp-image-118\" src=\"https:\/\/www.uerdinger-buergerwehr.de\/wp-content\/uploads\/2014\/06\/Rathausverteidigung2003.jpg\" alt=\"Rathausverteidigung2003\" width=\"221\" height=\"166\" \/><\/a><\/p>\n<p style=\"text-align: center;\"><span style=\"color: #000000;\">Die Verteidigung des Rathauses, bei der Rathauserst\u00fcrmung am Karnevalssamstag, geh\u00f6rt nat\u00fcrlich zu\u00a0<\/span><span style=\"color: #000000;\">den Hauptaufgaben einer B\u00fcrgerwehr.\u00a0<\/span><\/p>\n<p style=\"text-align: center;\"><span style=\"color: #000000;\">Der H\u00f6hepunkt einer jeden Karnevalssession ist der<\/span><br style=\"color: #000000;\" \/><span style=\"color: #000000;\">Karnevalszug, an dem die B\u00fcrgerwehr, mit zwei<\/span><br style=\"color: #000000;\" \/><span style=\"color: #000000;\">gro\u00dfen Wagen, einem von Pferden gezogenen<\/span><br style=\"color: #000000;\" \/><span style=\"color: #000000;\">\u201cFa\u00dfwagen\u201d, einem Reitercorps mit ca. 12 PS, ca.<\/span><br style=\"color: #000000;\" \/><span style=\"color: #000000;\">80 Mann &amp; Frau und nat\u00fcrlich der B\u00f6llerkanone,<\/span><br style=\"color: #000000;\" \/><span style=\"color: #000000;\">teilnimmt.<\/span><\/p>\n<p style=\"text-align: center;\"><span style=\"color: #000000;\">Zur Kirmeser\u00f6ffnung und zum Beginn des<\/span><br style=\"color: #000000;\" \/><span style=\"color: #000000;\">Stadtfestes marschiert die B\u00fcrgerwehr auf<\/span><br style=\"color: #000000;\" \/><span style=\"color: #000000;\">und das Fest wird dann durch Salutsch\u00fcsse<\/span><br style=\"color: #000000;\" \/><span style=\"color: #000000;\">aus der B\u00f6llerkanone \u201cangeschossen\u201d. Auf der\u00a0 Kirmes findet in den letzten Jahren ein &#8222;Wettschie\u00dfen&#8220;,\u00a0 entweder gegen andere Uerdinger Vereine, oder untereinander statt.<\/span><br style=\"color: #000000;\" \/><span style=\"color: #000000;\">Daneben findet man die Truppe auch auf<\/span><br style=\"color: #000000;\" \/><span style=\"color: #000000;\">anderen \u00f6rtlichen Heimat- &amp;\u00a0<\/span><br style=\"color: #000000;\" \/><span style=\"color: #000000;\">Brauchtumsveranstaltungen. Der Uerdinger<\/span><br style=\"color: #000000;\" \/><span style=\"color: #000000;\">Weihnachtsmarkt wird ebenso besucht &#8211; dort wird Gl\u00fchwein, Punsch und hei\u00dfe Schokolade zugunsten eines wohlt\u00e4tigen Zwecks ausgeschenkt &#8211; wie<\/span><br style=\"color: #000000;\" \/><span style=\"color: #000000;\">das Sch\u00fctzenfest.<\/span><\/p>\n<p style=\"text-align: center;\"><a href=\"https:\/\/www.uerdinger-buergerwehr.de\/wp-content\/uploads\/2014\/06\/Vatertag20041.jpg\"><img loading=\"lazy\" decoding=\"async\" class=\"alignnone  wp-image-546\" src=\"https:\/\/www.uerdinger-buergerwehr.de\/wp-content\/uploads\/2014\/06\/Vatertag20041.jpg\" alt=\"Vatertag2004\" width=\"218\" height=\"163\" \/><\/a>\u00a0 \u00a0 \u00a0<a href=\"https:\/\/www.uerdinger-buergerwehr.de\/wp-content\/uploads\/2014\/06\/Herrentou03-1.jpg\"><img loading=\"lazy\" decoding=\"async\" class=\"alignnone  wp-image-523\" src=\"https:\/\/www.uerdinger-buergerwehr.de\/wp-content\/uploads\/2014\/06\/Herrentou03-1.jpg\" alt=\"OLYMPUS DIGITAL CAMERA\" width=\"220\" height=\"165\" \/><\/a><\/p>\n<p style=\"text-align: center;\"><span style=\"color: #000000;\">F\u00fcr die M\u00e4nner findet jedes<\/span><br style=\"color: #000000;\" \/><span style=\"color: #000000;\">Jahr eine Vatertagstour mit<\/span><br style=\"color: #000000;\" \/><span style=\"color: #000000;\">dem Planwagen und eine<\/span><br style=\"color: #000000;\" \/><span style=\"color: #000000;\">Herrentour statt, auf der man<\/span><br style=\"color: #000000;\" \/><span style=\"color: #000000;\">dann auch mal die Seele<\/span><br style=\"color: #000000;\" \/><span style=\"color: #000000;\">baumeln lassen kann.<\/span><\/p>\n<p style=\"text-align: center;\"><a href=\"https:\/\/www.uerdinger-buergerwehr.de\/wp-content\/uploads\/2014\/06\/Grillfest.jpg\"><img loading=\"lazy\" decoding=\"async\" class=\"alignnone  wp-image-112\" src=\"https:\/\/www.uerdinger-buergerwehr.de\/wp-content\/uploads\/2014\/06\/Grillfest.jpg\" alt=\"Grillfest\" width=\"394\" height=\"296\" \/><br style=\"color: #000000;\" \/><\/a><br style=\"color: #000000;\" \/><span style=\"color: #000000;\">Auch unser allj\u00e4hrliches<\/span><br style=\"color: #000000;\" \/><span style=\"color: #000000;\">Sommergrillfest darf nicht fehlen<\/span><\/p>\n<p style=\"text-align: center;\">Zudem hat sich die B\u00fcrgerwehr\u00a0 mit ihrer seit 2010 j\u00e4hrlich stattfindenden &#8222;Schrottplatzfete&#8220; in Uerdingen und Umgebung einen Namen\u00a0 gemacht. Es darf auf einem Schrottplatz zu Live-Musik ordentlich getanzt und gefeiert weren. Die Fete fand in den Jahren 2010 &#8211; 2015 an wechselden Terminen im Juni \/ Juli statt. Seit 2016 ist der dritte Samstag im Juni\u00a0 jeden Jahres als &#8222;fester Termin&#8220; festgelegt worden.<\/p>\n<p style=\"text-align: center;\">Erstmals fand im August 2016 auch ein internes Moorhuhnschie\u00dfen in der Verinsgast\u00e4tte &#8222;Haus Bonnen&#8220; statt.<\/p>\n<p style=\"text-align: center;\">Au\u00dferdem feierte im September 2016 &#8222;Jeck im Beach&#8220; Premiere. Die Party im &#8222;Beachclub Krefeld&#8220; soll den Jecken in der Rheinstadt bei lockerer Strandatmosph\u00e4re schon einmal Lust auf die anstehende Session bereiten.<\/p>\n<p style=\"text-align: center;\"><span style=\"color: #000000;\">Die gr\u00f6\u00dfte und l\u00e4ngste Veranstaltung ist selbstverst\u00e4ndlich der Karneval an sich. Dort wird gefeiert und<\/span><br style=\"color: #000000;\" \/><span style=\"color: #000000;\">gestritten, was das Zeug h\u00e4lt. Dennoch sind wir alle jedes Jahr aufs neue dabei. Ist ja alles nur f\u00fcr \u201cde Fucki\u201d !\u00a0<\/span><\/p>\n","protected":false},"excerpt":{"rendered":"<p>Auch wir haben nat\u00fcrlich unsere diversen Veranstaltungen.\u00a0 Wichtigste Veranstaltung der Uerdinger B\u00fcrgerwehr ist der eigene Uniformappell! Dieser findet jedes Jahr zu Beginn der Session statt. Dort \u201ckontrolliert\u201d der Spie\u00df die&hellip;&nbsp;<a href=\"https:\/\/www.uerdinger-buergerwehr.de\/?page_id=504\" rel=\"bookmark\">Weiterlesen &raquo;<span class=\"screen-reader-text\">Veranstaltungen<\/span><\/a><\/p>\n","protected":false},"author":2,"featured_media":0,"parent":0,"menu_order":0,"comment_status":"closed","ping_status":"open","template":"","meta":{"neve_meta_sidebar":"","neve_meta_container":"","neve_meta_enable_content_width":"","neve_meta_content_width":0,"neve_meta_title_alignment":"","neve_meta_author_avatar":"","neve_post_elements_order":"","neve_meta_disable_header":"","neve_meta_disable_footer":"","neve_meta_disable_title":"","ngg_post_thumbnail":0,"_EventAllDay":false,"_EventTimezone":"","_EventStartDate":"","_EventEndDate":"","_EventStartDateUTC":"","_EventEndDateUTC":"","_EventShowMap":false,"_EventShowMapLink":false,"_EventURL":"","_EventCost":"","_EventCostDescription":"","_EventCurrencySymbol":"","_EventCurrencyCode":"","_EventCurrencyPosition":"","_EventDateTimeSeparator":"","_EventTimeRangeSeparator":"","_EventOrganizerID":[],"_EventVenueID":[],"_OrganizerEmail":"","_OrganizerPhone":"","_OrganizerWebsite":"","_VenueAddress":"","_VenueCity":"","_VenueCountry":"","_VenueProvince":"","_VenueState":"","_VenueZip":"","_VenuePhone":"","_VenueURL":"","_VenueStateProvince":"","_VenueLat":"","_VenueLng":"","_VenueShowMap":false,"_VenueShowMapLink":false,"footnotes":""},"class_list":["post-504","page","type-page","status-publish","hentry"],"_links":{"self":[{"href":"https:\/\/www.uerdinger-buergerwehr.de\/index.php?rest_route=\/wp\/v2\/pages\/504","targetHints":{"allow":["GET"]}}],"collection":[{"href":"https:\/\/www.uerdinger-buergerwehr.de\/index.php?rest_route=\/wp\/v2\/pages"}],"about":[{"href":"https:\/\/www.uerdinger-buergerwehr.de\/index.php?rest_route=\/wp\/v2\/types\/page"}],"author":[{"embeddable":true,"href":"https:\/\/www.uerdinger-buergerwehr.de\/index.php?rest_route=\/wp\/v2\/users\/2"}],"replies":[{"embeddable":true,"href":"https:\/\/www.uerdinger-buergerwehr.de\/index.php?rest_route=%2Fwp%2Fv2%2Fcomments&post=504"}],"version-history":[{"count":5,"href":"https:\/\/www.uerdinger-buergerwehr.de\/index.php?rest_route=\/wp\/v2\/pages\/504\/revisions"}],"predecessor-version":[{"id":570,"href":"https:\/\/www.uerdinger-buergerwehr.de\/index.php?rest_route=\/wp\/v2\/pages\/504\/revisions\/570"}],"wp:attachment":[{"href":"https:\/\/www.uerdinger-buergerwehr.de\/index.php?rest_route=%2Fwp%2Fv2%2Fmedia&parent=504"}],"curies":[{"name":"wp","href":"https:\/\/api.w.org\/{rel}","templated":true}]}}