{"id":502,"date":"2014-06-28T15:20:12","date_gmt":"2014-06-28T13:20:12","guid":{"rendered":"http:\/\/www.uerdinger-buergerwehr.de\/?page_id=502"},"modified":"2023-11-17T18:32:23","modified_gmt":"2023-11-17T17:32:23","slug":"sponsoren","status":"publish","type":"page","link":"https:\/\/www.uerdinger-buergerwehr.de\/?page_id=502","title":{"rendered":"Sponsoren"},"content":{"rendered":"\n<div style=\"height:63px\" aria-hidden=\"true\" class=\"wp-block-spacer\"><\/div>\n\n\n\n<h3 class=\"wp-block-heading\">Unterst\u00fctzer und Sponsoren der Uerdinger B\u00fcrgerwehr 1962 e.V.<\/h3>\n\n\n\n<p>Die Uerdinger B\u00fcrgerwehr ist ein gemeinn\u00fctziger Verein. Mit dem Brauchtum &#8222;Karneval&#8220; und den damit einhergehenden Projekten und Aufgaben gehen viele Kosten einher, sodass wir uns in aller Form bei unseren Unterst\u00fctzern und Sponsoren bedanken m\u00f6chten. <\/p>\n\n\n\n<div style=\"height:63px\" aria-hidden=\"true\" class=\"wp-block-spacer\"><\/div>\n\n\n\n<div class=\"wp-block-columns has-nv-light-bg-background-color has-background is-layout-flex wp-container-core-columns-is-layout-1 wp-block-columns-is-layout-flex\">\n<div class=\"wp-block-column is-layout-flow wp-block-column-is-layout-flow\">\n<h2 class=\"wp-block-heading\">Volksbank Krefeld<\/h2>\n\n\n<div class=\"wp-block-image\">\n<figure class=\"alignleft size-full is-resized\"><img loading=\"lazy\" decoding=\"async\" src=\"https:\/\/www.uerdinger-buergerwehr.de\/wp-content\/uploads\/2023\/02\/Volksbank-png.png\" alt=\"\" class=\"wp-image-3867\" width=\"515\" height=\"161\" srcset=\"https:\/\/www.uerdinger-buergerwehr.de\/wp-content\/uploads\/2023\/02\/Volksbank-png.png 568w, https:\/\/www.uerdinger-buergerwehr.de\/wp-content\/uploads\/2023\/02\/Volksbank-png-300x94.png 300w\" sizes=\"auto, (max-width: 515px) 100vw, 515px\" \/><\/figure><\/div><\/div>\n\n\n\n<div class=\"wp-block-column is-layout-flow wp-block-column-is-layout-flow\">\n<h2 class=\"wp-block-heading\">Heizung- und Sanit\u00e4rbetrieb Schluckebier<\/h2>\n\n\n<div class=\"wp-block-image\">\n<figure class=\"alignleft size-large is-resized\"><img loading=\"lazy\" decoding=\"async\" src=\"https:\/\/www.uerdinger-buergerwehr.de\/wp-content\/uploads\/2023\/03\/Schluckebier-1024x354.jpg\" alt=\"\" class=\"wp-image-3910\" width=\"477\" height=\"164\" srcset=\"https:\/\/www.uerdinger-buergerwehr.de\/wp-content\/uploads\/2023\/03\/Schluckebier-1024x354.jpg 1024w, https:\/\/www.uerdinger-buergerwehr.de\/wp-content\/uploads\/2023\/03\/Schluckebier-300x104.jpg 300w, https:\/\/www.uerdinger-buergerwehr.de\/wp-content\/uploads\/2023\/03\/Schluckebier-768x266.jpg 768w, https:\/\/www.uerdinger-buergerwehr.de\/wp-content\/uploads\/2023\/03\/Schluckebier-1536x531.jpg 1536w, https:\/\/www.uerdinger-buergerwehr.de\/wp-content\/uploads\/2023\/03\/Schluckebier-2048x708.jpg 2048w\" sizes=\"auto, (max-width: 477px) 100vw, 477px\" \/><\/figure><\/div><\/div>\n<\/div>\n\n\n\n<div class=\"wp-block-columns has-nv-light-bg-background-color has-background is-layout-flex wp-container-core-columns-is-layout-2 wp-block-columns-is-layout-flex\">\n<div class=\"wp-block-column is-layout-flow wp-block-column-is-layout-flow\">\n<h2 class=\"wp-block-heading\">Sparkasse Krefeld<\/h2>\n\n\n<div class=\"wp-block-image\">\n<figure class=\"alignleft size-large is-resized\"><img loading=\"lazy\" decoding=\"async\" src=\"https:\/\/www.uerdinger-buergerwehr.de\/wp-content\/uploads\/2023\/02\/sparkasse-krefeld-1024x449.jpg\" alt=\"\" class=\"wp-image-3868\" width=\"406\" height=\"178\" srcset=\"https:\/\/www.uerdinger-buergerwehr.de\/wp-content\/uploads\/2023\/02\/sparkasse-krefeld-1024x449.jpg 1024w, https:\/\/www.uerdinger-buergerwehr.de\/wp-content\/uploads\/2023\/02\/sparkasse-krefeld-300x132.jpg 300w, https:\/\/www.uerdinger-buergerwehr.de\/wp-content\/uploads\/2023\/02\/sparkasse-krefeld-768x337.jpg 768w, https:\/\/www.uerdinger-buergerwehr.de\/wp-content\/uploads\/2023\/02\/sparkasse-krefeld-1536x674.jpg 1536w, https:\/\/www.uerdinger-buergerwehr.de\/wp-content\/uploads\/2023\/02\/sparkasse-krefeld-2048x899.jpg 2048w\" sizes=\"auto, (max-width: 406px) 100vw, 406px\" \/><\/figure><\/div><\/div>\n\n\n\n<div class=\"wp-block-column is-layout-flow wp-block-column-is-layout-flow\">\n<h2 class=\"wp-block-heading\">Stadtwerke Krefeld<\/h2>\n\n\n<div class=\"wp-block-image\">\n<figure class=\"alignleft size-large is-resized\"><img loading=\"lazy\" decoding=\"async\" src=\"https:\/\/www.uerdinger-buergerwehr.de\/wp-content\/uploads\/2023\/02\/SWK-logo-1024x406.png\" alt=\"\" class=\"wp-image-3871\" width=\"398\" height=\"157\" srcset=\"https:\/\/www.uerdinger-buergerwehr.de\/wp-content\/uploads\/2023\/02\/SWK-logo-1024x406.png 1024w, https:\/\/www.uerdinger-buergerwehr.de\/wp-content\/uploads\/2023\/02\/SWK-logo-300x119.png 300w, https:\/\/www.uerdinger-buergerwehr.de\/wp-content\/uploads\/2023\/02\/SWK-logo-768x305.png 768w, https:\/\/www.uerdinger-buergerwehr.de\/wp-content\/uploads\/2023\/02\/SWK-logo-1536x610.png 1536w, https:\/\/www.uerdinger-buergerwehr.de\/wp-content\/uploads\/2023\/02\/SWK-logo-2048x813.png 2048w\" sizes=\"auto, (max-width: 398px) 100vw, 398px\" \/><\/figure><\/div><\/div>\n<\/div>\n\n\n\n<div class=\"wp-block-columns has-nv-light-bg-background-color has-background is-layout-flex wp-container-core-columns-is-layout-3 wp-block-columns-is-layout-flex\">\n<div class=\"wp-block-column is-layout-flow wp-block-column-is-layout-flow\">\n<h2 class=\"wp-block-heading\">Trocken- und Innenausbau Z\u00fcndorf<\/h2>\n\n\n<div class=\"wp-block-image\">\n<figure class=\"alignleft size-large is-resized\"><img loading=\"lazy\" decoding=\"async\" src=\"https:\/\/www.uerdinger-buergerwehr.de\/wp-content\/uploads\/2023\/03\/ZUeNDORF-Trockenbau-1024x594.jpg\" alt=\"\" class=\"wp-image-3912\" width=\"375\" height=\"217\" srcset=\"https:\/\/www.uerdinger-buergerwehr.de\/wp-content\/uploads\/2023\/03\/ZUeNDORF-Trockenbau-1024x594.jpg 1024w, https:\/\/www.uerdinger-buergerwehr.de\/wp-content\/uploads\/2023\/03\/ZUeNDORF-Trockenbau-300x174.jpg 300w, https:\/\/www.uerdinger-buergerwehr.de\/wp-content\/uploads\/2023\/03\/ZUeNDORF-Trockenbau-768x446.jpg 768w, https:\/\/www.uerdinger-buergerwehr.de\/wp-content\/uploads\/2023\/03\/ZUeNDORF-Trockenbau-1536x892.jpg 1536w, https:\/\/www.uerdinger-buergerwehr.de\/wp-content\/uploads\/2023\/03\/ZUeNDORF-Trockenbau.jpg 2000w\" sizes=\"auto, (max-width: 375px) 100vw, 375px\" \/><\/figure><\/div><\/div>\n\n\n\n<div class=\"wp-block-column is-layout-flow wp-block-column-is-layout-flow\">\n<h2 class=\"wp-block-heading\">Altmetal- und Containerservice Jean Berends<\/h2>\n\n\n<div class=\"wp-block-image\">\n<figure class=\"alignleft size-full is-resized\"><img loading=\"lazy\" decoding=\"async\" src=\"https:\/\/www.uerdinger-buergerwehr.de\/wp-content\/uploads\/2023\/02\/logo-Jean-Berends.png\" alt=\"\" class=\"wp-image-3872\" width=\"536\" height=\"212\" srcset=\"https:\/\/www.uerdinger-buergerwehr.de\/wp-content\/uploads\/2023\/02\/logo-Jean-Berends.png 594w, https:\/\/www.uerdinger-buergerwehr.de\/wp-content\/uploads\/2023\/02\/logo-Jean-Berends-300x119.png 300w\" sizes=\"auto, (max-width: 536px) 100vw, 536px\" \/><\/figure><\/div><\/div>\n<\/div>\n\n\n\n<div class=\"wp-block-columns has-nv-light-bg-background-color has-background is-layout-flex wp-container-core-columns-is-layout-4 wp-block-columns-is-layout-flex\">\n<div class=\"wp-block-column is-layout-flow wp-block-column-is-layout-flow\">\n<h2 class=\"wp-block-heading\">Kreuz Garten- und Landschaftsbau<\/h2>\n\n\n<div class=\"wp-block-image\">\n<figure class=\"alignleft size-full is-resized\"><img loading=\"lazy\" decoding=\"async\" src=\"https:\/\/www.uerdinger-buergerwehr.de\/wp-content\/uploads\/2023\/11\/Kreuz-GaLaBau.jpg\" alt=\"\" class=\"wp-image-3993\" width=\"383\" height=\"188\" srcset=\"https:\/\/www.uerdinger-buergerwehr.de\/wp-content\/uploads\/2023\/11\/Kreuz-GaLaBau.jpg 694w, https:\/\/www.uerdinger-buergerwehr.de\/wp-content\/uploads\/2023\/11\/Kreuz-GaLaBau-300x148.jpg 300w\" sizes=\"auto, (max-width: 383px) 100vw, 383px\" \/><\/figure><\/div><\/div>\n\n\n\n<div class=\"wp-block-column is-layout-flow wp-block-column-is-layout-flow\">\n<h2 class=\"wp-block-heading\"> Industrietechnik Gather<\/h2>\n\n\n<div class=\"wp-block-image\">\n<figure class=\"aligncenter size-full is-resized\"><a href=\"https:\/\/www.uerdinger-buergerwehr.de\/wp-content\/uploads\/2023\/02\/Gather-Logo-350-300x79-1.png\"><img loading=\"lazy\" decoding=\"async\" src=\"https:\/\/www.uerdinger-buergerwehr.de\/wp-content\/uploads\/2023\/02\/Gather-Logo-350-300x79-1.png\" alt=\"\" class=\"wp-image-3869\" width=\"489\" height=\"129\"\/><\/a><\/figure><\/div><\/div>\n<\/div>\n\n\n\n<div class=\"wp-block-columns has-nv-light-bg-background-color has-background is-layout-flex wp-container-core-columns-is-layout-5 wp-block-columns-is-layout-flex\">\n<div class=\"wp-block-column is-layout-flow wp-block-column-is-layout-flow\">\n<h2 class=\"wp-block-heading\">Beachclub Krefeld<\/h2>\n\n\n<div class=\"wp-block-image\">\n<figure class=\"alignleft size-large is-resized\"><img loading=\"lazy\" decoding=\"async\" src=\"https:\/\/www.uerdinger-buergerwehr.de\/wp-content\/uploads\/2023\/02\/Beachclub-1-1024x1024.jpg\" alt=\"\" class=\"wp-image-3874\" width=\"387\" height=\"387\" srcset=\"https:\/\/www.uerdinger-buergerwehr.de\/wp-content\/uploads\/2023\/02\/Beachclub-1-1024x1024.jpg 1024w, https:\/\/www.uerdinger-buergerwehr.de\/wp-content\/uploads\/2023\/02\/Beachclub-1-300x300.jpg 300w, https:\/\/www.uerdinger-buergerwehr.de\/wp-content\/uploads\/2023\/02\/Beachclub-1-150x150.jpg 150w, https:\/\/www.uerdinger-buergerwehr.de\/wp-content\/uploads\/2023\/02\/Beachclub-1-768x768.jpg 768w, https:\/\/www.uerdinger-buergerwehr.de\/wp-content\/uploads\/2023\/02\/Beachclub-1.jpg 1200w\" sizes=\"auto, (max-width: 387px) 100vw, 387px\" \/><\/figure><\/div><\/div>\n\n\n\n<div class=\"wp-block-column is-layout-flow wp-block-column-is-layout-flow\">\n<h2 class=\"wp-block-heading\"> <\/h2>\n<\/div>\n<\/div>\n","protected":false},"excerpt":{"rendered":"<p>Unterst\u00fctzer und Sponsoren der Uerdinger B\u00fcrgerwehr 1962 e.V. Die Uerdinger B\u00fcrgerwehr ist ein gemeinn\u00fctziger Verein. Mit dem Brauchtum &#8222;Karneval&#8220; und den damit einhergehenden Projekten und Aufgaben gehen viele Kosten einher,&hellip;&nbsp;<a href=\"https:\/\/www.uerdinger-buergerwehr.de\/?page_id=502\" rel=\"bookmark\">Weiterlesen &raquo;<span class=\"screen-reader-text\">Sponsoren<\/span><\/a><\/p>\n","protected":false},"author":2,"featured_media":0,"parent":0,"menu_order":0,"comment_status":"closed","ping_status":"closed","template":"","meta":{"neve_meta_sidebar":"","neve_meta_container":"","neve_meta_enable_content_width":"","neve_meta_content_width":0,"neve_meta_title_alignment":"","neve_meta_author_avatar":"","neve_post_elements_order":"","neve_meta_disable_header":"","neve_meta_disable_footer":"","neve_meta_disable_title":"","ngg_post_thumbnail":0,"_EventAllDay":false,"_EventTimezone":"","_EventStartDate":"","_EventEndDate":"","_EventStartDateUTC":"","_EventEndDateUTC":"","_EventShowMap":false,"_EventShowMapLink":false,"_EventURL":"","_EventCost":"","_EventCostDescription":"","_EventCurrencySymbol":"","_EventCurrencyCode":"","_EventCurrencyPosition":"","_EventDateTimeSeparator":"","_EventTimeRangeSeparator":"","_EventOrganizerID":[],"_EventVenueID":[],"_OrganizerEmail":"","_OrganizerPhone":"","_OrganizerWebsite":"","_VenueAddress":"","_VenueCity":"","_VenueCountry":"","_VenueProvince":"","_VenueState":"","_VenueZip":"","_VenuePhone":"","_VenueURL":"","_VenueStateProvince":"","_VenueLat":"","_VenueLng":"","_VenueShowMap":false,"_VenueShowMapLink":false,"footnotes":""},"class_list":["post-502","page","type-page","status-publish","hentry"],"_links":{"self":[{"href":"https:\/\/www.uerdinger-buergerwehr.de\/index.php?rest_route=\/wp\/v2\/pages\/502","targetHints":{"allow":["GET"]}}],"collection":[{"href":"https:\/\/www.uerdinger-buergerwehr.de\/index.php?rest_route=\/wp\/v2\/pages"}],"about":[{"href":"https:\/\/www.uerdinger-buergerwehr.de\/index.php?rest_route=\/wp\/v2\/types\/page"}],"author":[{"embeddable":true,"href":"https:\/\/www.uerdinger-buergerwehr.de\/index.php?rest_route=\/wp\/v2\/users\/2"}],"replies":[{"embeddable":true,"href":"https:\/\/www.uerdinger-buergerwehr.de\/index.php?rest_route=%2Fwp%2Fv2%2Fcomments&post=502"}],"version-history":[{"count":19,"href":"https:\/\/www.uerdinger-buergerwehr.de\/index.php?rest_route=\/wp\/v2\/pages\/502\/revisions"}],"predecessor-version":[{"id":3996,"href":"https:\/\/www.uerdinger-buergerwehr.de\/index.php?rest_route=\/wp\/v2\/pages\/502\/revisions\/3996"}],"wp:attachment":[{"href":"https:\/\/www.uerdinger-buergerwehr.de\/index.php?rest_route=%2Fwp%2Fv2%2Fmedia&parent=502"}],"curies":[{"name":"wp","href":"https:\/\/api.w.org\/{rel}","templated":true}]}}