{"id":481,"date":"2014-06-28T13:43:16","date_gmt":"2014-06-28T12:43:16","guid":{"rendered":"http:\/\/www.uerdinger-buergerwehr.de\/?page_id=481"},"modified":"2023-02-26T14:06:47","modified_gmt":"2023-02-26T13:06:47","slug":"links","status":"publish","type":"page","link":"https:\/\/www.uerdinger-buergerwehr.de\/?page_id=481","title":{"rendered":"Links"},"content":{"rendered":"\n<div style=\"height:59px\" aria-hidden=\"true\" class=\"wp-block-spacer\"><\/div>\n\n\n\n<h3 class=\"wp-block-heading\">Links <\/h3>\n\n\n\n<p class=\"has-text-align-left has-medium-font-size\"><span style=\"color: #000000;\">Hier findet Ihr Links zu befreundeten und artverwandten Vereinen. Viel Spa\u00df beim durchst\u00f6bern.<\/span><\/p>\n\n\n\n<p class=\"has-text-align-left\"><img loading=\"lazy\" decoding=\"async\" class=\"alignnone size-full wp-image-448\" src=\"https:\/\/www.uerdinger-buergerwehr.de\/wp-content\/uploads\/2014\/06\/karrenrad_icon.gif\" alt=\"karrenrad_icon\" width=\"30\" height=\"30\">&nbsp;&nbsp;<a class=\"link\" href=\"http:\/\/www.spielfreunde-uerdingen.de\" target=\"_blank\" rel=\"noopener\">Spielfreunde Uerdingen<\/a><\/p>\n\n\n\n<p class=\"has-text-align-left\"><a href=\"https:\/\/www.uerdinger-buergerwehr.de\/wp-content\/uploads\/2014\/06\/karrenrad_icon.gif\"><img loading=\"lazy\" decoding=\"async\" class=\"alignnone size-full wp-image-448\" src=\"https:\/\/www.uerdinger-buergerwehr.de\/wp-content\/uploads\/2014\/06\/karrenrad_icon.gif\" alt=\"karrenrad_icon\" width=\"30\" height=\"30\"><\/a>&nbsp;&nbsp;<a class=\"link\" href=\"http:\/\/www.jugend-kgopdehoeh.de\" target=\"_blank\" rel=\"noopener\">Jugendabteilung der KG Op de H\u00f6h<\/a><\/p>\n\n\n\n<p class=\"has-text-align-left\"><a href=\"https:\/\/www.uerdinger-buergerwehr.de\/wp-content\/uploads\/2014\/06\/karrenrad_icon1.gif\"><img loading=\"lazy\" decoding=\"async\" class=\"alignnone size-full wp-image-527\" src=\"https:\/\/www.uerdinger-buergerwehr.de\/wp-content\/uploads\/2014\/06\/karrenrad_icon1.gif\" alt=\"karrenrad_icon\" width=\"30\" height=\"30\"><\/a>&nbsp; <a href=\"http:\/\/www.kgopdehoeh.de\" target=\"_blank\" rel=\"noopener\">KG Op de H\u00f6h<\/a><\/p>\n\n\n\n<p class=\"has-text-align-left\"><a href=\"https:\/\/www.uerdinger-buergerwehr.de\/wp-content\/uploads\/2014\/06\/karrenrad_icon1.gif\"><img loading=\"lazy\" decoding=\"async\" class=\"alignnone size-full wp-image-527\" src=\"https:\/\/www.uerdinger-buergerwehr.de\/wp-content\/uploads\/2014\/06\/karrenrad_icon1.gif\" alt=\"karrenrad_icon\" width=\"30\" height=\"30\"><\/a> <a href=\"http:\/\/www.bnz-uerdingen.de\/BNZ.html\" target=\"_blank\" rel=\"noopener\">Braunschweiger Narrenzunft 1924 e.V. <\/a><\/p>\n\n\n\n<p class=\"has-text-align-left\"><a href=\"https:\/\/www.uerdinger-buergerwehr.de\/wp-content\/uploads\/2014\/06\/karrenrad_icon.gif\"><img loading=\"lazy\" decoding=\"async\" class=\"alignnone size-full wp-image-448\" src=\"https:\/\/www.uerdinger-buergerwehr.de\/wp-content\/uploads\/2014\/06\/karrenrad_icon.gif\" alt=\"karrenrad_icon\" width=\"30\" height=\"30\"><\/a>&nbsp;&nbsp;<a class=\"link\" href=\"http:\/\/www.prinzengarde-krefeld.de\" target=\"_blank\" rel=\"noopener\">Prinzengarde der Stadt Krefeld<\/a><\/p>\n\n\n\n<p class=\"has-text-align-left\"><a href=\"https:\/\/www.uerdinger-buergerwehr.de\/wp-content\/uploads\/2014\/06\/karrenrad_icon.gif\"><img loading=\"lazy\" decoding=\"async\" class=\"alignnone size-full wp-image-448\" src=\"https:\/\/www.uerdinger-buergerwehr.de\/wp-content\/uploads\/2014\/06\/karrenrad_icon.gif\" alt=\"karrenrad_icon\" width=\"30\" height=\"30\"><\/a>&nbsp;&nbsp;<a class=\"link\" href=\"http:\/\/www.moesche.de\" target=\"_blank\" rel=\"noopener\">Karnevalsgesellschaft M\u00f6sche &#8211; M\u00e4nnekes 1952 e.V.<\/a><\/p>\n\n\n\n<p class=\"has-text-align-left\"><a href=\"https:\/\/www.uerdinger-buergerwehr.de\/wp-content\/uploads\/2014\/06\/karrenrad_icon.gif\"><img loading=\"lazy\" decoding=\"async\" class=\"alignnone size-full wp-image-448\" src=\"https:\/\/www.uerdinger-buergerwehr.de\/wp-content\/uploads\/2014\/06\/karrenrad_icon.gif\" alt=\"karrenrad_icon\" width=\"30\" height=\"30\"><\/a>&nbsp;&nbsp;<a class=\"link\" href=\"http:\/\/www.gutschlag.de\" target=\"_blank\" rel=\"noopener\">Krefelder Trommler- und Fanfarenkorps Gut Schlag 1912<\/a><\/p>\n\n\n\n<p class=\"has-text-align-left\"><a href=\"https:\/\/www.uerdinger-buergerwehr.de\/wp-content\/uploads\/2014\/06\/karrenrad_icon.gif\"><img loading=\"lazy\" decoding=\"async\" class=\"alignnone size-full wp-image-448\" src=\"https:\/\/www.uerdinger-buergerwehr.de\/wp-content\/uploads\/2014\/06\/karrenrad_icon.gif\" alt=\"karrenrad_icon\" width=\"30\" height=\"30\"><\/a>&nbsp;&nbsp;<a class=\"link\" href=\"http:\/\/www.westgarde-krefeld.de\" target=\"_blank\" rel=\"noopener\">Westgarde Krefeld (Leibgarde der Prinzessin der Stadt Krefeld)<\/a><\/p>\n\n\n\n<p class=\"has-text-align-left\"><a href=\"https:\/\/www.uerdinger-buergerwehr.de\/wp-content\/uploads\/2014\/06\/karrenrad_icon.gif\"><img loading=\"lazy\" decoding=\"async\" width=\"30\" height=\"30\" class=\"alignnone size-full wp-image-448\" src=\"https:\/\/www.uerdinger-buergerwehr.de\/wp-content\/uploads\/2014\/06\/karrenrad_icon.gif\" alt=\"karrenrad_icon\"><\/a>\u00a0\u00a0<a class=\"link\" rel=\"noopener\" href=\"http:\/\/www.karnevaldeutschland.de\" target=\"_blank\">Bund Deutscher Karneval e.V.<\/a><a href=\"https:\/\/www.uerdinger-buergerwehr.de\/wp-content\/uploads\/2014\/06\/karrenrad_icon.gif\"><\/a><\/p>\n\n\n\n<p class=\"has-text-align-left\"><a href=\"https:\/\/www.uerdinger-buergerwehr.de\/wp-content\/uploads\/2014\/06\/karrenrad_icon.gif\"><img loading=\"lazy\" decoding=\"async\" class=\"alignnone size-full wp-image-448\" src=\"https:\/\/www.uerdinger-buergerwehr.de\/wp-content\/uploads\/2014\/06\/karrenrad_icon.gif\" alt=\"karrenrad_icon\" width=\"30\" height=\"30\"><\/a>&nbsp;&nbsp;<a class=\"link\" href=\"http:\/\/www.rhienstaedter.de\" target=\"_blank\" rel=\"noopener\">Die Rhienst\u00e4dter<\/a><\/p>\n\n\n\n<p class=\"has-text-align-left\"><a href=\"https:\/\/www.uerdinger-buergerwehr.de\/wp-content\/uploads\/2014\/06\/karrenrad_icon.gif\"><img loading=\"lazy\" decoding=\"async\" width=\"30\" height=\"30\" class=\"alignnone size-full wp-image-448\" src=\"https:\/\/www.uerdinger-buergerwehr.de\/wp-content\/uploads\/2014\/06\/karrenrad_icon.gif\" alt=\"karrenrad_icon\"><\/a> <a rel=\"noopener\" href=\"http:\/\/www.facebook.com\/oe.jonges\/?ref=page_internal\" target=\"_blank\">Oedingsche Jonges<\/a><\/p>\n\n\n\n<p class=\"has-text-align-left\"><span class=\"ueberschrift_klein\" style=\"color: #000000;\">Hinweis zur Inhaltlichen Verantwortung von Websites<\/span><\/p>\n\n\n\n<p><span class=\"ueberschrift_klein\" style=\"color: #000000;\">Haftungshinweis:<\/span><span style=\"color: #000000;\">&nbsp;Trotz sorgf\u00e4ltiger inhaltlicher Kontrolle \u00fcbernehmen wir keine Haftung f\u00fcr die Inhalte externer Links.<\/span><br style=\"color: #000000;\"><span style=\"color: #000000;\">F\u00fcr den Inhalt der verlinkten Seiten sind ausschlie\u00dflich deren Betreiber verantwortlich.&nbsp;<\/span><\/p>\n","protected":false},"excerpt":{"rendered":"<p>Links Hier findet Ihr Links zu befreundeten und artverwandten Vereinen. Viel Spa\u00df beim durchst\u00f6bern. &nbsp;&nbsp;Spielfreunde Uerdingen &nbsp;&nbsp;Jugendabteilung der KG Op de H\u00f6h &nbsp; KG Op de H\u00f6h Braunschweiger Narrenzunft 1924&hellip;&nbsp;<a href=\"https:\/\/www.uerdinger-buergerwehr.de\/?page_id=481\" rel=\"bookmark\">Weiterlesen &raquo;<span class=\"screen-reader-text\">Links<\/span><\/a><\/p>\n","protected":false},"author":2,"featured_media":0,"parent":0,"menu_order":0,"comment_status":"closed","ping_status":"open","template":"","meta":{"neve_meta_sidebar":"","neve_meta_container":"","neve_meta_enable_content_width":"","neve_meta_content_width":0,"neve_meta_title_alignment":"","neve_meta_author_avatar":"","neve_post_elements_order":"","neve_meta_disable_header":"","neve_meta_disable_footer":"","neve_meta_disable_title":"","ngg_post_thumbnail":0,"_EventAllDay":false,"_EventTimezone":"","_EventStartDate":"","_EventEndDate":"","_EventStartDateUTC":"","_EventEndDateUTC":"","_EventShowMap":false,"_EventShowMapLink":false,"_EventURL":"","_EventCost":"","_EventCostDescription":"","_EventCurrencySymbol":"","_EventCurrencyCode":"","_EventCurrencyPosition":"","_EventDateTimeSeparator":"","_EventTimeRangeSeparator":"","_EventOrganizerID":[],"_EventVenueID":[],"_OrganizerEmail":"","_OrganizerPhone":"","_OrganizerWebsite":"","_VenueAddress":"","_VenueCity":"","_VenueCountry":"","_VenueProvince":"","_VenueState":"","_VenueZip":"","_VenuePhone":"","_VenueURL":"","_VenueStateProvince":"","_VenueLat":"","_VenueLng":"","_VenueShowMap":false,"_VenueShowMapLink":false,"footnotes":""},"class_list":["post-481","page","type-page","status-publish","hentry"],"_links":{"self":[{"href":"https:\/\/www.uerdinger-buergerwehr.de\/index.php?rest_route=\/wp\/v2\/pages\/481","targetHints":{"allow":["GET"]}}],"collection":[{"href":"https:\/\/www.uerdinger-buergerwehr.de\/index.php?rest_route=\/wp\/v2\/pages"}],"about":[{"href":"https:\/\/www.uerdinger-buergerwehr.de\/index.php?rest_route=\/wp\/v2\/types\/page"}],"author":[{"embeddable":true,"href":"https:\/\/www.uerdinger-buergerwehr.de\/index.php?rest_route=\/wp\/v2\/users\/2"}],"replies":[{"embeddable":true,"href":"https:\/\/www.uerdinger-buergerwehr.de\/index.php?rest_route=%2Fwp%2Fv2%2Fcomments&post=481"}],"version-history":[{"count":14,"href":"https:\/\/www.uerdinger-buergerwehr.de\/index.php?rest_route=\/wp\/v2\/pages\/481\/revisions"}],"predecessor-version":[{"id":3845,"href":"https:\/\/www.uerdinger-buergerwehr.de\/index.php?rest_route=\/wp\/v2\/pages\/481\/revisions\/3845"}],"wp:attachment":[{"href":"https:\/\/www.uerdinger-buergerwehr.de\/index.php?rest_route=%2Fwp%2Fv2%2Fmedia&parent=481"}],"curies":[{"name":"wp","href":"https:\/\/api.w.org\/{rel}","templated":true}]}}