{"id":468,"date":"2014-06-28T13:23:52","date_gmt":"2014-06-28T11:23:52","guid":{"rendered":"http:\/\/www.uerdinger-buergerwehr.de\/?page_id=468"},"modified":"2023-05-24T19:16:42","modified_gmt":"2023-05-24T18:16:42","slug":"entstehungsgeschichte-der-buergerwehr","status":"publish","type":"page","link":"https:\/\/www.uerdinger-buergerwehr.de\/?page_id=468","title":{"rendered":"Entstehungsgeschichte der B\u00fcrgerwehr"},"content":{"rendered":"\n<div style=\"height:47px\" aria-hidden=\"true\" class=\"wp-block-spacer\"><\/div>\n\n\n\n<h3 class=\"wp-block-heading\">Die Entstehungsgeschichte der Uerdinger B\u00fcrgerwehr 1962 e.V.<\/h3>\n\n\n\n<p class=\"has-text-align-left has-medium-font-size\">Da die Uerdinger B\u00fcrgerwehr schon ein \u201calter\u201d Verein ist, hat auch er seine ganz eigene Geschichte.<\/p>\n\n\n\n<p class=\"has-text-align-left has-medium-font-size\">Die Uerdinger B\u00fcrgerwehr wurde im Jahre 1962 gegr\u00fcndet, als sich damalige Mitglieder des Schwimmclubs<br>Aegir entschlossen, die \u201cB\u00fcrgerwehr des SC Aegir 07 Uerdingen\u201d ins Leben zu rufen. Zu diesem Zeitpunkt&nbsp;mussten die Uniformen noch geliehen werden, da noch keine Eigenen vorhanden waren.<\/p>\n\n\n<div class=\"wp-block-image\">\n<figure class=\"aligncenter\"><a href=\"https:\/\/www.uerdinger-buergerwehr.de\/wp-content\/uploads\/2014\/06\/altetruppe.jpg\"><img loading=\"lazy\" decoding=\"async\" width=\"300\" height=\"188\" src=\"https:\/\/www.uerdinger-buergerwehr.de\/wp-content\/uploads\/2014\/06\/altetruppe-300x188.jpg\" alt=\"altetruppe\" class=\"wp-image-107\" srcset=\"https:\/\/www.uerdinger-buergerwehr.de\/wp-content\/uploads\/2014\/06\/altetruppe-300x188.jpg 300w, https:\/\/www.uerdinger-buergerwehr.de\/wp-content\/uploads\/2014\/06\/altetruppe.jpg 413w\" sizes=\"auto, (max-width: 300px) 100vw, 300px\" \/><\/a><\/figure><\/div>\n\n\n<p class=\"has-text-align-left has-medium-font-size\">Anfang der 70er Jahre l\u00f6ste sich dann die Truppe vom SC Aegier, um als eigenst\u00e4ndiger Verein und in eigenen<br>Uniformen den rheinst\u00e4dtischen Karneval zu beleben. Fortan begleiteten sie das Uerdinger Prinzenpaar bei seinen<br>Auftritten in der Uerdinger Umgebung. Bei der Rathauserst\u00fcrmung des Prinzenpaares wandelt sich jedoch in jedem Jahr<br>das Blatt und die B\u00fcrgerwehr zieht sich in und vor das Rathaus zur\u00fcck. Die heldenhaften Verteidiger des Uerdinger<br>Rathauses wurden jedoch bei so mancher Schlacht geschlagen, wobei der durstigen (und wohl bestechlichen) Truppe in<br>der Regel soviel K\u00f6nigshofer Alt, Pils und Uerdinger versprochen wird, bis die Gegenwehr erlahmt.<\/p>\n\n\n\n<div class=\"wp-block-columns is-layout-flex wp-container-core-columns-is-layout-1 wp-block-columns-is-layout-flex\">\n<div class=\"wp-block-column is-layout-flow wp-block-column-is-layout-flow\"><div class=\"wp-block-image\">\n<figure class=\"aligncenter\"><a href=\"https:\/\/www.uerdinger-buergerwehr.de\/wp-content\/uploads\/2014\/06\/Rathausverteidigung.jpg\"><img loading=\"lazy\" decoding=\"async\" width=\"300\" height=\"201\" src=\"https:\/\/www.uerdinger-buergerwehr.de\/wp-content\/uploads\/2014\/06\/Rathausverteidigung.jpg\" alt=\"Rathausverteidigung\" class=\"wp-image-117\"\/><\/a><\/figure><\/div><\/div>\n\n\n\n<div class=\"wp-block-column is-layout-flow wp-block-column-is-layout-flow\"><div class=\"wp-block-image\">\n<figure class=\"aligncenter\"><a href=\"https:\/\/www.uerdinger-buergerwehr.de\/wp-content\/uploads\/2014\/06\/Rathausverteidigung2003.jpg\"><img loading=\"lazy\" decoding=\"async\" width=\"268\" height=\"201\" src=\"https:\/\/www.uerdinger-buergerwehr.de\/wp-content\/uploads\/2014\/06\/Rathausverteidigung2003.jpg\" alt=\"Rathausverteidigung2003\" class=\"wp-image-118\"\/><\/a><\/figure><\/div><\/div>\n<\/div>\n\n\n\n<p class=\"has-text-align-left has-medium-font-size\">Irgendwann Anfang der 80er Jahre wurde die erste M\u00e4nnertanzgruppe ins Leben gerufen. Diese Aktivit\u00e4ten schliefen<br>jedoch, trotz gro\u00dfem Anklang beim Publikum, nach einigen Jahren wieder ein. Doch im Jahre 1998 haben sich die&nbsp;M\u00e4nner entschlossen die Tanztruppe wieder aufleben zu lassen.<\/p>\n\n\n\n<div class=\"wp-block-columns is-layout-flex wp-container-core-columns-is-layout-2 wp-block-columns-is-layout-flex\">\n<div class=\"wp-block-column is-layout-flow wp-block-column-is-layout-flow\"><div class=\"wp-block-image\">\n<figure class=\"aligncenter\"><a href=\"https:\/\/www.uerdinger-buergerwehr.de\/wp-content\/uploads\/2014\/06\/dolly1.jpg\"><img loading=\"lazy\" decoding=\"async\" width=\"270\" height=\"190\" src=\"https:\/\/www.uerdinger-buergerwehr.de\/wp-content\/uploads\/2014\/06\/dolly1.jpg\" alt=\"dolly\" class=\"wp-image-439\"\/><\/a><\/figure><\/div><\/div>\n\n\n\n<div class=\"wp-block-column is-layout-flow wp-block-column-is-layout-flow\"><div class=\"wp-block-image\">\n<figure class=\"aligncenter is-resized\"><a href=\"https:\/\/www.uerdinger-buergerwehr.de\/wp-content\/uploads\/2014\/06\/Tanztruppe.jpg\"><img loading=\"lazy\" decoding=\"async\" src=\"https:\/\/www.uerdinger-buergerwehr.de\/wp-content\/uploads\/2014\/06\/Tanztruppe-300x152.jpg\" alt=\"Tanztruppe\" class=\"wp-image-463\" width=\"381\" height=\"193\" srcset=\"https:\/\/www.uerdinger-buergerwehr.de\/wp-content\/uploads\/2014\/06\/Tanztruppe-300x152.jpg 300w, https:\/\/www.uerdinger-buergerwehr.de\/wp-content\/uploads\/2014\/06\/Tanztruppe.jpg 375w\" sizes=\"auto, (max-width: 381px) 100vw, 381px\" \/><\/a><\/figure><\/div><\/div>\n<\/div>\n\n\n\n<p class=\"has-text-align-left has-medium-font-size\">&nbsp;Schon Jahrelang dem KZV (Karnevalszug-Verein) Uerdingen angeh\u00f6rend, trat man im Jahre 1986 in den BDK (Bund<span style=\"line-height: 1.5;\">Deutscher Karneval) und somit auch in den LRK (Links-Rheinischer Karneval) ein. 1987 dann wurden die Mannen der&nbsp;<\/span><span style=\"line-height: 1.5;\">Uerdinger B\u00fcrgerwehr vom KZV zur \u201cLeibgarde der Prinzessin\u201d ernannt. &nbsp;Erst Anfang der 90er wandelte sich die&nbsp;<\/span><span style=\"line-height: 1.5;\">B\u00fcrgerwehr zu dem was sie heute ist. Es bietet sich das Bild einer tanzstarken und recht disziplinierten Truppe. Im Jahre&nbsp;<\/span><span style=\"line-height: 1.5;\">1992 kam erstmalig ein Tanzmariechen zur B\u00fcrgerwehr, welches seither aus dem Geschehen nicht mehr wegzudenken&nbsp;<\/span><span style=\"line-height: 1.5;\">ist und mittlerweile, im Jahr 2016, wieder Verst\u00e4rkung durch eine zweite Tanzmarie erhalten hat. 1994 kam eine Fahnenschwenkergruppe hinzu, in der seit 1996 mit Kinder- &amp; Jugendfahnenschwenker\/innen die&nbsp;<\/span><span style=\"line-height: 1.5;\">Jugendarbeit stark gef\u00f6rdert wird.<\/span><\/p>\n\n\n<div class=\"wp-block-image\">\n<figure class=\"aligncenter is-resized\"><a href=\"https:\/\/www.uerdinger-buergerwehr.de\/wp-content\/uploads\/2014\/06\/Fahnenschwenker_und_Maries1.jpg\"><img loading=\"lazy\" decoding=\"async\" src=\"https:\/\/www.uerdinger-buergerwehr.de\/wp-content\/uploads\/2014\/06\/Fahnenschwenker_und_Maries1.jpg\" alt=\"Fahnenschwenker_und_Maries\" class=\"wp-image-440\" width=\"265\" height=\"244\"\/><\/a><\/figure><\/div>\n\n\n<p class=\"has-text-align-left has-medium-font-size\">Mit der R\u00fcckkehr der M\u00e4nnertanztruppe, die jetzt die S\u00e4bel schwingen, wurde ein Standbein f\u00fcr das Rheinstadt<br>Konfetti geschaffen.<\/p>\n\n\n\n<p class=\"has-text-align-left has-medium-font-size\">Das Rheinstadt Konfetti wurde im Jahre 1997 durch die Uerdinger B\u00fcrgerwehr, die Spielfreunde Uerdingen und die<br>Linner Burggarde Greiffenhorst ins Leben gerufen. Den Namen Rheinstadt Konfetti w\u00e4hlte man im Bezug zur<br>Rheinstadt Uerdingen (Rheinstadt) und da jede der teilnehmenden Truppen in ihren gewohnten Uniformen aufzieht &#8211;<br>bunt gemischt (Konfetti).Nach dem Vorbild der gro\u00dfen Wachaufz\u00fcge des K\u00f6lner Karnevals traten diese drei&nbsp;Vereine gemeinsam auf.<\/p>\n\n\n<div class=\"wp-block-image\">\n<figure class=\"aligncenter is-resized\"><a href=\"https:\/\/www.uerdinger-buergerwehr.de\/wp-content\/uploads\/2014\/06\/Konfettigruppe.jpg\"><img loading=\"lazy\" decoding=\"async\" src=\"https:\/\/www.uerdinger-buergerwehr.de\/wp-content\/uploads\/2014\/06\/Konfettigruppe-300x132.jpg\" alt=\"Konfettigruppe\" class=\"wp-image-115\" width=\"577\" height=\"254\" srcset=\"https:\/\/www.uerdinger-buergerwehr.de\/wp-content\/uploads\/2014\/06\/Konfettigruppe-300x132.jpg 300w, https:\/\/www.uerdinger-buergerwehr.de\/wp-content\/uploads\/2014\/06\/Konfettigruppe.jpg 550w\" sizes=\"auto, (max-width: 577px) 100vw, 577px\" \/><\/a><\/figure><\/div>\n\n\n<p class=\"has-text-align-left has-medium-font-size\">Eben diese K\u00f6lner sorgten 1999 daf\u00fcr, da\u00df die Spielfreunde Uerdingen das Rheinstadt Konfetti&nbsp;verlie\u00dfen und nun als Regimentsspielmannszug f\u00fcr die K\u00f6lner Prinzengarde spielen. Im Sommer&nbsp;1999 traten B\u00fcrgerwehr und Burggarde an Gut Schlag Krefeld heran, so da\u00df diese drei Vereine nun&nbsp;gemeinsam das Rheinstadt Konfetti bildeten.<\/p>\n\n\n\n<div class=\"wp-block-columns is-layout-flex wp-container-core-columns-is-layout-3 wp-block-columns-is-layout-flex\">\n<div class=\"wp-block-column is-layout-flow wp-block-column-is-layout-flow\"><div class=\"wp-block-image\">\n<figure class=\"aligncenter is-resized\"><a href=\"https:\/\/www.uerdinger-buergerwehr.de\/wp-content\/uploads\/2014\/06\/Burggardetanz.jpg\"><img loading=\"lazy\" decoding=\"async\" src=\"https:\/\/www.uerdinger-buergerwehr.de\/wp-content\/uploads\/2014\/06\/Burggardetanz.jpg\" alt=\"Burggardetanz\" class=\"wp-image-108\" width=\"409\" height=\"260\"\/><\/a><\/figure><\/div><\/div>\n\n\n\n<div class=\"wp-block-column is-layout-flow wp-block-column-is-layout-flow\"><div class=\"wp-block-image\">\n<figure class=\"aligncenter is-resized\"><a href=\"https:\/\/www.uerdinger-buergerwehr.de\/wp-content\/uploads\/2014\/06\/Offizierstanz.jpg\"><img loading=\"lazy\" decoding=\"async\" src=\"https:\/\/www.uerdinger-buergerwehr.de\/wp-content\/uploads\/2014\/06\/Offizierstanz.jpg\" alt=\"Offizierstanz\" class=\"wp-image-116\" width=\"442\" height=\"262\"\/><\/a><\/figure><\/div><\/div>\n<\/div>\n\n\n\n<p class=\"has-text-align-left has-medium-font-size\">Dieses ca. 50 Mann &amp; Frau starke \u201cGro\u00dfe Rheinstadt Konfetti\u201d zeigte sich mit einem ca. 30 min. Programm, bei dem der&nbsp;Kommandeur der B\u00fcrgerwehr den Gardetanz (Burggarde), Mariechentanz und Offizierstanz (B\u00fcrgerwehr) zu Live Musik&nbsp;(Gut Schlag) pr\u00e4sentierte.<\/p>\n\n\n\n<p class=\"has-text-align-left has-medium-font-size\">Es gab auch ein ca. 25 Personen starkes \u201cKleines Rheinstadt Konfetti\u201d, von dem dann ein ca. 20 min. Programm, mit<br>Burggarde &amp; B\u00fcrgerwehr und Musik vom Band, dargeboten wurde.<\/p>\n\n\n\n<div class=\"wp-block-columns is-layout-flex wp-container-core-columns-is-layout-4 wp-block-columns-is-layout-flex\">\n<div class=\"wp-block-column is-layout-flow wp-block-column-is-layout-flow\">\n<p class=\"has-text-align-left has-medium-font-size\">In der Session 2015\/2016 ereilte die B\u00fcrgerwehr ein gl\u00fccklicher Zufall. Das Prinzenpaar dieser Session, Nicole I. &amp; Dirk II., wurde von Angela Merkel, der Bundeskanzlerin, zum tradtionellen Empfang mit 16 weiteren Prinzenpaaren geladen. aus NRW nehmen immer zwei Prinzenpaare teil, da Bonn als fr\u00fchere Bundeshauptstadt ein &#8222;st\u00e4ndiger Gast&#8220; in Berlin sein darf. Die B\u00fcrgerwehr wurde durch den Prinzen Dirk II.&nbsp; und durch die Minister Julian Schulz (Finanzen), Klaus Schluckebier (Pers\u00f6nlicher Minister der Prinzessin) und Christian Kwiatkowski (Orden und Tanz) samt Standarte w\u00fcrdevoll vertreten.<\/p>\n<\/div>\n<\/div>\n\n\n\n<p class=\"has-text-align-center\">&nbsp;<\/p>\n\n\n\n<figure class=\"wp-block-image\"><img loading=\"lazy\" decoding=\"async\" width=\"1280\" height=\"694\" src=\"https:\/\/www.uerdinger-buergerwehr.de\/wp-content\/uploads\/2018\/06\/20157614_1971135649840112_7443740305720601100_o.jpg\" alt=\"\" class=\"wp-image-3213\" srcset=\"https:\/\/www.uerdinger-buergerwehr.de\/wp-content\/uploads\/2018\/06\/20157614_1971135649840112_7443740305720601100_o.jpg 1280w, https:\/\/www.uerdinger-buergerwehr.de\/wp-content\/uploads\/2018\/06\/20157614_1971135649840112_7443740305720601100_o-300x163.jpg 300w, https:\/\/www.uerdinger-buergerwehr.de\/wp-content\/uploads\/2018\/06\/20157614_1971135649840112_7443740305720601100_o-768x416.jpg 768w, https:\/\/www.uerdinger-buergerwehr.de\/wp-content\/uploads\/2018\/06\/20157614_1971135649840112_7443740305720601100_o-1024x555.jpg 1024w\" sizes=\"auto, (max-width: 1280px) 100vw, 1280px\" \/><\/figure>\n\n\n\n<figure class=\"wp-block-gallery has-nested-images columns-default is-cropped wp-block-gallery-1 is-layout-flex wp-block-gallery-is-layout-flex\">\n<figure class=\"wp-block-image size-large\"><a href=\"https:\/\/www.uerdinger-buergerwehr.de\/wp-content\/uploads\/2023\/05\/Foto-29.04.23-15-27-05-scaled.jpg\"><img loading=\"lazy\" decoding=\"async\" width=\"1024\" height=\"768\" data-id=\"3950\" src=\"https:\/\/www.uerdinger-buergerwehr.de\/wp-content\/uploads\/2023\/05\/Foto-29.04.23-15-27-05-1024x768.jpg\" alt=\"\" class=\"wp-image-3950\" srcset=\"https:\/\/www.uerdinger-buergerwehr.de\/wp-content\/uploads\/2023\/05\/Foto-29.04.23-15-27-05-1024x768.jpg 1024w, https:\/\/www.uerdinger-buergerwehr.de\/wp-content\/uploads\/2023\/05\/Foto-29.04.23-15-27-05-300x225.jpg 300w, https:\/\/www.uerdinger-buergerwehr.de\/wp-content\/uploads\/2023\/05\/Foto-29.04.23-15-27-05-768x576.jpg 768w, https:\/\/www.uerdinger-buergerwehr.de\/wp-content\/uploads\/2023\/05\/Foto-29.04.23-15-27-05-1536x1152.jpg 1536w, https:\/\/www.uerdinger-buergerwehr.de\/wp-content\/uploads\/2023\/05\/Foto-29.04.23-15-27-05-2048x1536.jpg 2048w\" sizes=\"auto, (max-width: 1024px) 100vw, 1024px\" \/><\/a><\/figure>\n\n\n\n<figure class=\"wp-block-image size-large\"><a href=\"https:\/\/www.uerdinger-buergerwehr.de\/wp-content\/uploads\/2023\/05\/Foto-29.04.23-15-33-44-scaled.jpg\"><img loading=\"lazy\" decoding=\"async\" width=\"1024\" height=\"768\" data-id=\"3952\" src=\"https:\/\/www.uerdinger-buergerwehr.de\/wp-content\/uploads\/2023\/05\/Foto-29.04.23-15-33-44-1024x768.jpg\" alt=\"\" class=\"wp-image-3952\" srcset=\"https:\/\/www.uerdinger-buergerwehr.de\/wp-content\/uploads\/2023\/05\/Foto-29.04.23-15-33-44-1024x768.jpg 1024w, https:\/\/www.uerdinger-buergerwehr.de\/wp-content\/uploads\/2023\/05\/Foto-29.04.23-15-33-44-300x225.jpg 300w, https:\/\/www.uerdinger-buergerwehr.de\/wp-content\/uploads\/2023\/05\/Foto-29.04.23-15-33-44-768x576.jpg 768w, https:\/\/www.uerdinger-buergerwehr.de\/wp-content\/uploads\/2023\/05\/Foto-29.04.23-15-33-44-1536x1152.jpg 1536w, https:\/\/www.uerdinger-buergerwehr.de\/wp-content\/uploads\/2023\/05\/Foto-29.04.23-15-33-44-2048x1536.jpg 2048w\" sizes=\"auto, (max-width: 1024px) 100vw, 1024px\" \/><\/a><\/figure>\n\n\n\n<figure class=\"wp-block-image size-large\"><a href=\"https:\/\/www.uerdinger-buergerwehr.de\/wp-content\/uploads\/2023\/05\/Foto-29.04.23-15-51-42-scaled.jpg\"><img loading=\"lazy\" decoding=\"async\" width=\"1024\" height=\"768\" data-id=\"3953\" src=\"https:\/\/www.uerdinger-buergerwehr.de\/wp-content\/uploads\/2023\/05\/Foto-29.04.23-15-51-42-1024x768.jpg\" alt=\"\" class=\"wp-image-3953\" srcset=\"https:\/\/www.uerdinger-buergerwehr.de\/wp-content\/uploads\/2023\/05\/Foto-29.04.23-15-51-42-1024x768.jpg 1024w, https:\/\/www.uerdinger-buergerwehr.de\/wp-content\/uploads\/2023\/05\/Foto-29.04.23-15-51-42-300x225.jpg 300w, https:\/\/www.uerdinger-buergerwehr.de\/wp-content\/uploads\/2023\/05\/Foto-29.04.23-15-51-42-768x576.jpg 768w, https:\/\/www.uerdinger-buergerwehr.de\/wp-content\/uploads\/2023\/05\/Foto-29.04.23-15-51-42-1536x1152.jpg 1536w, https:\/\/www.uerdinger-buergerwehr.de\/wp-content\/uploads\/2023\/05\/Foto-29.04.23-15-51-42-2048x1536.jpg 2048w\" sizes=\"auto, (max-width: 1024px) 100vw, 1024px\" \/><\/a><\/figure>\n\n\n\n<figure class=\"wp-block-image size-large\"><a href=\"https:\/\/www.uerdinger-buergerwehr.de\/wp-content\/uploads\/2023\/05\/Foto-29.04.23-15-58-11-scaled.jpg\"><img loading=\"lazy\" decoding=\"async\" width=\"1024\" height=\"768\" data-id=\"3951\" src=\"https:\/\/www.uerdinger-buergerwehr.de\/wp-content\/uploads\/2023\/05\/Foto-29.04.23-15-58-11-1024x768.jpg\" alt=\"\" class=\"wp-image-3951\" srcset=\"https:\/\/www.uerdinger-buergerwehr.de\/wp-content\/uploads\/2023\/05\/Foto-29.04.23-15-58-11-1024x768.jpg 1024w, https:\/\/www.uerdinger-buergerwehr.de\/wp-content\/uploads\/2023\/05\/Foto-29.04.23-15-58-11-300x225.jpg 300w, https:\/\/www.uerdinger-buergerwehr.de\/wp-content\/uploads\/2023\/05\/Foto-29.04.23-15-58-11-768x576.jpg 768w, https:\/\/www.uerdinger-buergerwehr.de\/wp-content\/uploads\/2023\/05\/Foto-29.04.23-15-58-11-1536x1152.jpg 1536w, https:\/\/www.uerdinger-buergerwehr.de\/wp-content\/uploads\/2023\/05\/Foto-29.04.23-15-58-11-2048x1536.jpg 2048w\" sizes=\"auto, (max-width: 1024px) 100vw, 1024px\" \/><\/a><\/figure>\n<\/figure>\n","protected":false},"excerpt":{"rendered":"<p>Die Entstehungsgeschichte der Uerdinger B\u00fcrgerwehr 1962 e.V. Da die Uerdinger B\u00fcrgerwehr schon ein \u201calter\u201d Verein ist, hat auch er seine ganz eigene Geschichte. Die Uerdinger B\u00fcrgerwehr wurde im Jahre 1962&hellip;&nbsp;<a href=\"https:\/\/www.uerdinger-buergerwehr.de\/?page_id=468\" rel=\"bookmark\">Weiterlesen &raquo;<span class=\"screen-reader-text\">Entstehungsgeschichte der B\u00fcrgerwehr<\/span><\/a><\/p>\n","protected":false},"author":2,"featured_media":0,"parent":0,"menu_order":0,"comment_status":"closed","ping_status":"open","template":"","meta":{"neve_meta_sidebar":"","neve_meta_container":"","neve_meta_enable_content_width":"","neve_meta_content_width":0,"neve_meta_title_alignment":"","neve_meta_author_avatar":"","neve_post_elements_order":"","neve_meta_disable_header":"","neve_meta_disable_footer":"","neve_meta_disable_title":"","ngg_post_thumbnail":0,"_EventAllDay":false,"_EventTimezone":"","_EventStartDate":"","_EventEndDate":"","_EventStartDateUTC":"","_EventEndDateUTC":"","_EventShowMap":false,"_EventShowMapLink":false,"_EventURL":"","_EventCost":"","_EventCostDescription":"","_EventCurrencySymbol":"","_EventCurrencyCode":"","_EventCurrencyPosition":"","_EventDateTimeSeparator":"","_EventTimeRangeSeparator":"","_EventOrganizerID":[],"_EventVenueID":[],"_OrganizerEmail":"","_OrganizerPhone":"","_OrganizerWebsite":"","_VenueAddress":"","_VenueCity":"","_VenueCountry":"","_VenueProvince":"","_VenueState":"","_VenueZip":"","_VenuePhone":"","_VenueURL":"","_VenueStateProvince":"","_VenueLat":"","_VenueLng":"","_VenueShowMap":false,"_VenueShowMapLink":false,"footnotes":""},"class_list":["post-468","page","type-page","status-publish","hentry"],"_links":{"self":[{"href":"https:\/\/www.uerdinger-buergerwehr.de\/index.php?rest_route=\/wp\/v2\/pages\/468","targetHints":{"allow":["GET"]}}],"collection":[{"href":"https:\/\/www.uerdinger-buergerwehr.de\/index.php?rest_route=\/wp\/v2\/pages"}],"about":[{"href":"https:\/\/www.uerdinger-buergerwehr.de\/index.php?rest_route=\/wp\/v2\/types\/page"}],"author":[{"embeddable":true,"href":"https:\/\/www.uerdinger-buergerwehr.de\/index.php?rest_route=\/wp\/v2\/users\/2"}],"replies":[{"embeddable":true,"href":"https:\/\/www.uerdinger-buergerwehr.de\/index.php?rest_route=%2Fwp%2Fv2%2Fcomments&post=468"}],"version-history":[{"count":5,"href":"https:\/\/www.uerdinger-buergerwehr.de\/index.php?rest_route=\/wp\/v2\/pages\/468\/revisions"}],"predecessor-version":[{"id":3954,"href":"https:\/\/www.uerdinger-buergerwehr.de\/index.php?rest_route=\/wp\/v2\/pages\/468\/revisions\/3954"}],"wp:attachment":[{"href":"https:\/\/www.uerdinger-buergerwehr.de\/index.php?rest_route=%2Fwp%2Fv2%2Fmedia&parent=468"}],"curies":[{"name":"wp","href":"https:\/\/api.w.org\/{rel}","templated":true}]}}