{"id":3474,"date":"2018-11-25T18:52:18","date_gmt":"2018-11-25T17:52:18","guid":{"rendered":"http:\/\/www.uerdinger-buergerwehr.de\/?page_id=3474"},"modified":"2023-11-17T17:56:59","modified_gmt":"2023-11-17T16:56:59","slug":"uniformappell","status":"publish","type":"page","link":"https:\/\/www.uerdinger-buergerwehr.de\/?page_id=3474","title":{"rendered":"Uniformappell"},"content":{"rendered":"\n<div style=\"height:52px\" aria-hidden=\"true\" class=\"wp-block-spacer\"><\/div>\n\n\n\n<h3 class=\"wp-block-heading\">Uniformappell der Uerdinger B\u00fcrgerwehr 1962 e.V.<\/h3>\n\n\n\n<div class=\"wp-block-columns is-layout-flex wp-container-core-columns-is-layout-1 wp-block-columns-is-layout-flex\">\n<div class=\"wp-block-column is-layout-flow wp-block-column-is-layout-flow\">\n<p>Die wohl wichtigste Veranstaltung der Uerdinger B\u00fcrgerwehr<br>ist der Uniformappell.<\/p>\n\n\n\n<p>In den Anf\u00e4ngen der B\u00fcrgerwehr, und damit meine ich die<br>ersten 30 Jahre, feierte man die Feste, wie sie fielen.<br>Aber mit dem gro\u00dfen Kommandeurswechsel im Jahre 1992,<br>als der \u201eewige Kommandeur\u201c Toni Flocks durch Klaus Wolf<br>abgel\u00f6st wurde und die B\u00fcrgerwehr neue Uniformen erhielt,<br>da wurde eine neue Veranstaltung ins Leben gerufen.<br>Die Uerdinger B\u00fcrgerwehr hielt im Rheinschl\u00f6sschen ihren<br>wohl ersten \u201erichtigen\u201c Uniformappell ab.<br>Wurde 1992 \u201enur\u201c in kleinem Stile im Haus Bonnen auf der<br>Kegelbahn gefeiert, so ging es 1993 in der Pfarrsaal von St.<br>Andreas in Gellep-Stratum, um gleich noch eine Neuerung<br>einzuf\u00fchren.<\/p>\n\n\n\n<p>Ab hier wurde die scheidende Prinzessin zum Ehrenoberst<br>ernannt und mit ihr in dem Jahr auch die f\u00fcnf vorigen,<br>r\u00fcckwirkend bis zu dem Termin im Jahre 1987 wo die<br>B\u00fcrgerwehr durch den KZV zur \u201eLeibgarde der Prinzessin\u201c<br>ernannt wurde. Ebenso wurden an diesem Abend die ersten drei<br>Ehrenmajore ernannt. Dieser Titel dient der B\u00fcrgerwehr dazu,<br>f\u00fcr uns wichtige Personen auszuzeichnen. Dieser Titel wird<br>nicht in jedem Jahr vergeben, woran man sieht, wie wichtig<br>er ist.<\/p>\n\n\n\n<p>Ab 1994 wurde der Uniformappell im evangelischen<br>Gemeindehaus an der Kronenstra\u00dfe durchgef\u00fchrt und ab<br>1999 sogar, um n\u00e4her an die \u201elaufende Session\u201c zu rutschen,<br>auf den 1.Samstag im Januar verlegt. Der Versuch gelang und<br>der Termin war ein Erfolg. Ganz anders der Versuch die<br>Veranstaltung im Jahre 2002 in einen \u201eMan\u00f6verball\u201c<br>umzubenennen und dabei auch das Konzept in Richtung einer<br>Party zu \u00e4ndern. Dies wurde direkt wieder verworfen und in<br>2003 wieder als Uniformappell durchgef\u00fchrt, welches aber<br>dort die letzte Veranstaltung war, da das Geb\u00e4ude<br>anderweitig genutzt werden sollte.<\/p>\n\n\n\n<p>Im Folgenden fand unser Uniformappell viele Jahre im<br>bekannten Oscar-Romero-Haus statt und f\u00fchrte viele<br>Jahre zu wundervollen und unvergesslichen Abenden.<br><br>Ein anschlie\u00dfender Umbau des Oscar-Romero-Hauses<br>zum Jahre 2019 zwang die Uerdinger B\u00fcrgerwehr sich<br>um eine neue \u00d6rtlichkeit zu k\u00fcmmern. Nach kurzer<br>Suche und einigen Gespr\u00e4chen wurde man schlie\u00dflich<br>im Stadtwaldhaus Krefeld mit offenen Armen empfangen.<\/p>\n\n\n\n<p>Dies sollte der Startschuss f\u00fcr ein neues Konzept gepaart <br>mit den Elementen unseres altbekannten Uniformappells<br>sein. Seitdem treten neben unseren eigenen <br>Darstellungen der B\u00fcrgerwehr-Showgruppe auch bekannte<br>K\u00f6lner Bands wie &#8222;Lupo&#8220;, &#8222;Kempes Feinest&#8220;, die &#8222;Rockemariechen&#8220;<br>und &#8222;FIASKO&#8220; auf. Zudem konnte die Besucherzahl deutlich<br>erh\u00f6ht werden, was der Beliebtheit dieser Veranstaltung keinen<br>Abbruch tut. <\/p>\n\n\n\n<p>In diesem Jahr 2023 fand der Uniformappell einen Tag vor dem <br>traditionellen Karnevalserwachen statt. Und auch in diesem Jahr<br>durften wir stolz prominente K\u00fcnstler wie die Band FIASKO aus K\u00f6ln,<br>Guido Cantz und Bern Stelter begr\u00fc\u00dfen. <\/p>\n<\/div>\n\n\n\n<div class=\"wp-block-column is-layout-flow wp-block-column-is-layout-flow\">\n<figure class=\"wp-block-gallery has-nested-images columns-default is-cropped wp-block-gallery-1 is-layout-flex wp-block-gallery-is-layout-flex\">\n<figure class=\"wp-block-image size-large\"><a href=\"https:\/\/www.uerdinger-buergerwehr.de\/wp-content\/uploads\/2023\/02\/1-1.jpg\"><img loading=\"lazy\" decoding=\"async\" width=\"1024\" height=\"683\" src=\"https:\/\/www.uerdinger-buergerwehr.de\/wp-content\/uploads\/2023\/02\/1-1-1024x683.jpg\" alt=\"\" class=\"wp-image-3827\" srcset=\"https:\/\/www.uerdinger-buergerwehr.de\/wp-content\/uploads\/2023\/02\/1-1-1024x683.jpg 1024w, https:\/\/www.uerdinger-buergerwehr.de\/wp-content\/uploads\/2023\/02\/1-1-300x200.jpg 300w, https:\/\/www.uerdinger-buergerwehr.de\/wp-content\/uploads\/2023\/02\/1-1-768x512.jpg 768w, https:\/\/www.uerdinger-buergerwehr.de\/wp-content\/uploads\/2023\/02\/1-1-1536x1024.jpg 1536w, https:\/\/www.uerdinger-buergerwehr.de\/wp-content\/uploads\/2023\/02\/1-1-930x620.jpg 930w, https:\/\/www.uerdinger-buergerwehr.de\/wp-content\/uploads\/2023\/02\/1-1.jpg 2048w\" sizes=\"auto, (max-width: 1024px) 100vw, 1024px\" \/><\/a><\/figure>\n\n\n\n<figure class=\"wp-block-image size-large\"><a href=\"https:\/\/www.uerdinger-buergerwehr.de\/wp-content\/uploads\/2023\/08\/Plakat-Uniformappell-ab-2023-1.jpg\"><img loading=\"lazy\" decoding=\"async\" width=\"724\" height=\"1024\" src=\"https:\/\/www.uerdinger-buergerwehr.de\/wp-content\/uploads\/2023\/08\/Plakat-Uniformappell-ab-2023-1-724x1024.jpg\" alt=\"\" class=\"wp-image-3962\" srcset=\"https:\/\/www.uerdinger-buergerwehr.de\/wp-content\/uploads\/2023\/08\/Plakat-Uniformappell-ab-2023-1-724x1024.jpg 724w, https:\/\/www.uerdinger-buergerwehr.de\/wp-content\/uploads\/2023\/08\/Plakat-Uniformappell-ab-2023-1-212x300.jpg 212w, https:\/\/www.uerdinger-buergerwehr.de\/wp-content\/uploads\/2023\/08\/Plakat-Uniformappell-ab-2023-1-768x1086.jpg 768w, https:\/\/www.uerdinger-buergerwehr.de\/wp-content\/uploads\/2023\/08\/Plakat-Uniformappell-ab-2023-1-1086x1536.jpg 1086w, https:\/\/www.uerdinger-buergerwehr.de\/wp-content\/uploads\/2023\/08\/Plakat-Uniformappell-ab-2023-1-1448x2048.jpg 1448w, https:\/\/www.uerdinger-buergerwehr.de\/wp-content\/uploads\/2023\/08\/Plakat-Uniformappell-ab-2023-1.jpg 1754w\" sizes=\"auto, (max-width: 724px) 100vw, 724px\" \/><\/a><\/figure>\n\n\n\n<figure class=\"wp-block-image size-large\"><a href=\"https:\/\/www.uerdinger-buergerwehr.de\/wp-content\/uploads\/2023\/11\/IMG_0049.jpeg\"><img loading=\"lazy\" decoding=\"async\" width=\"768\" height=\"1024\" src=\"https:\/\/www.uerdinger-buergerwehr.de\/wp-content\/uploads\/2023\/11\/IMG_0049-768x1024.jpeg\" alt=\"\" class=\"wp-image-3982\" srcset=\"https:\/\/www.uerdinger-buergerwehr.de\/wp-content\/uploads\/2023\/11\/IMG_0049-768x1024.jpeg 768w, https:\/\/www.uerdinger-buergerwehr.de\/wp-content\/uploads\/2023\/11\/IMG_0049-225x300.jpeg 225w, https:\/\/www.uerdinger-buergerwehr.de\/wp-content\/uploads\/2023\/11\/IMG_0049-1152x1536.jpeg 1152w, https:\/\/www.uerdinger-buergerwehr.de\/wp-content\/uploads\/2023\/11\/IMG_0049.jpeg 1536w\" sizes=\"auto, (max-width: 768px) 100vw, 768px\" \/><\/a><\/figure>\n\n\n\n<figure class=\"wp-block-image size-large\"><a href=\"https:\/\/www.uerdinger-buergerwehr.de\/wp-content\/uploads\/2023\/02\/3-1.jpg\"><img loading=\"lazy\" decoding=\"async\" width=\"1024\" height=\"668\" src=\"https:\/\/www.uerdinger-buergerwehr.de\/wp-content\/uploads\/2023\/02\/3-1-1024x668.jpg\" alt=\"\" class=\"wp-image-3830\" srcset=\"https:\/\/www.uerdinger-buergerwehr.de\/wp-content\/uploads\/2023\/02\/3-1-1024x668.jpg 1024w, https:\/\/www.uerdinger-buergerwehr.de\/wp-content\/uploads\/2023\/02\/3-1-300x196.jpg 300w, https:\/\/www.uerdinger-buergerwehr.de\/wp-content\/uploads\/2023\/02\/3-1-768x501.jpg 768w, https:\/\/www.uerdinger-buergerwehr.de\/wp-content\/uploads\/2023\/02\/3-1-1536x1003.jpg 1536w, https:\/\/www.uerdinger-buergerwehr.de\/wp-content\/uploads\/2023\/02\/3-1.jpg 1898w\" sizes=\"auto, (max-width: 1024px) 100vw, 1024px\" \/><\/a><\/figure>\n\n\n\n<figure class=\"wp-block-image size-large\"><a href=\"https:\/\/www.uerdinger-buergerwehr.de\/wp-content\/uploads\/2023\/11\/IMG_0046.jpeg\"><img loading=\"lazy\" decoding=\"async\" width=\"768\" height=\"1024\" src=\"https:\/\/www.uerdinger-buergerwehr.de\/wp-content\/uploads\/2023\/11\/IMG_0046-768x1024.jpeg\" alt=\"\" class=\"wp-image-3983\" srcset=\"https:\/\/www.uerdinger-buergerwehr.de\/wp-content\/uploads\/2023\/11\/IMG_0046-768x1024.jpeg 768w, https:\/\/www.uerdinger-buergerwehr.de\/wp-content\/uploads\/2023\/11\/IMG_0046-225x300.jpeg 225w, https:\/\/www.uerdinger-buergerwehr.de\/wp-content\/uploads\/2023\/11\/IMG_0046-1152x1536.jpeg 1152w, https:\/\/www.uerdinger-buergerwehr.de\/wp-content\/uploads\/2023\/11\/IMG_0046.jpeg 1536w\" sizes=\"auto, (max-width: 768px) 100vw, 768px\" \/><\/a><figcaption class=\"wp-element-caption\">Guido Cantz<\/figcaption><\/figure>\n\n\n\n<figure class=\"wp-block-image size-large\"><a href=\"https:\/\/www.uerdinger-buergerwehr.de\/wp-content\/uploads\/2023\/11\/IMG_0052.jpeg\"><img loading=\"lazy\" decoding=\"async\" width=\"768\" height=\"1024\" src=\"https:\/\/www.uerdinger-buergerwehr.de\/wp-content\/uploads\/2023\/11\/IMG_0052-768x1024.jpeg\" alt=\"\" class=\"wp-image-3984\" srcset=\"https:\/\/www.uerdinger-buergerwehr.de\/wp-content\/uploads\/2023\/11\/IMG_0052-768x1024.jpeg 768w, https:\/\/www.uerdinger-buergerwehr.de\/wp-content\/uploads\/2023\/11\/IMG_0052-225x300.jpeg 225w, https:\/\/www.uerdinger-buergerwehr.de\/wp-content\/uploads\/2023\/11\/IMG_0052-1152x1536.jpeg 1152w, https:\/\/www.uerdinger-buergerwehr.de\/wp-content\/uploads\/2023\/11\/IMG_0052.jpeg 1536w\" sizes=\"auto, (max-width: 768px) 100vw, 768px\" \/><\/a><figcaption class=\"wp-element-caption\">Bernd Stelter<\/figcaption><\/figure>\n\n\n\n<figure class=\"wp-block-image size-large\"><a href=\"https:\/\/www.uerdinger-buergerwehr.de\/wp-content\/uploads\/2023\/02\/6.jpg\"><img loading=\"lazy\" decoding=\"async\" width=\"1024\" height=\"684\" src=\"https:\/\/www.uerdinger-buergerwehr.de\/wp-content\/uploads\/2023\/02\/6-1024x684.jpg\" alt=\"\" class=\"wp-image-3826\" srcset=\"https:\/\/www.uerdinger-buergerwehr.de\/wp-content\/uploads\/2023\/02\/6-1024x684.jpg 1024w, https:\/\/www.uerdinger-buergerwehr.de\/wp-content\/uploads\/2023\/02\/6-300x200.jpg 300w, https:\/\/www.uerdinger-buergerwehr.de\/wp-content\/uploads\/2023\/02\/6-768x513.jpg 768w, https:\/\/www.uerdinger-buergerwehr.de\/wp-content\/uploads\/2023\/02\/6-930x620.jpg 930w, https:\/\/www.uerdinger-buergerwehr.de\/wp-content\/uploads\/2023\/02\/6.jpg 1080w\" sizes=\"auto, (max-width: 1024px) 100vw, 1024px\" \/><\/a><\/figure>\n\n\n\n<figure class=\"wp-block-image size-large\"><a href=\"https:\/\/www.uerdinger-buergerwehr.de\/wp-content\/uploads\/2023\/02\/7.jpg\"><img loading=\"lazy\" decoding=\"async\" width=\"1024\" height=\"692\" src=\"https:\/\/www.uerdinger-buergerwehr.de\/wp-content\/uploads\/2023\/02\/7-1024x692.jpg\" alt=\"\" class=\"wp-image-3831\" srcset=\"https:\/\/www.uerdinger-buergerwehr.de\/wp-content\/uploads\/2023\/02\/7-1024x692.jpg 1024w, https:\/\/www.uerdinger-buergerwehr.de\/wp-content\/uploads\/2023\/02\/7-300x203.jpg 300w, https:\/\/www.uerdinger-buergerwehr.de\/wp-content\/uploads\/2023\/02\/7-768x519.jpg 768w, https:\/\/www.uerdinger-buergerwehr.de\/wp-content\/uploads\/2023\/02\/7.jpg 1080w\" sizes=\"auto, (max-width: 1024px) 100vw, 1024px\" \/><\/a><\/figure>\n\n\n\n<figure class=\"wp-block-image size-large\"><a href=\"https:\/\/www.uerdinger-buergerwehr.de\/wp-content\/uploads\/2023\/02\/10.jpg\"><img loading=\"lazy\" decoding=\"async\" width=\"1024\" height=\"683\" src=\"https:\/\/www.uerdinger-buergerwehr.de\/wp-content\/uploads\/2023\/02\/10-1024x683.jpg\" alt=\"\" class=\"wp-image-3837\" srcset=\"https:\/\/www.uerdinger-buergerwehr.de\/wp-content\/uploads\/2023\/02\/10-1024x683.jpg 1024w, https:\/\/www.uerdinger-buergerwehr.de\/wp-content\/uploads\/2023\/02\/10-300x200.jpg 300w, https:\/\/www.uerdinger-buergerwehr.de\/wp-content\/uploads\/2023\/02\/10-768x512.jpg 768w, https:\/\/www.uerdinger-buergerwehr.de\/wp-content\/uploads\/2023\/02\/10-1536x1024.jpg 1536w, https:\/\/www.uerdinger-buergerwehr.de\/wp-content\/uploads\/2023\/02\/10-930x620.jpg 930w, https:\/\/www.uerdinger-buergerwehr.de\/wp-content\/uploads\/2023\/02\/10.jpg 2048w\" sizes=\"auto, (max-width: 1024px) 100vw, 1024px\" \/><\/a><\/figure>\n\n\n\n<figure class=\"wp-block-image size-large\"><a href=\"https:\/\/www.uerdinger-buergerwehr.de\/wp-content\/uploads\/2023\/02\/11.jpg\"><img loading=\"lazy\" decoding=\"async\" width=\"1024\" height=\"683\" src=\"https:\/\/www.uerdinger-buergerwehr.de\/wp-content\/uploads\/2023\/02\/11-1024x683.jpg\" alt=\"\" class=\"wp-image-3833\" srcset=\"https:\/\/www.uerdinger-buergerwehr.de\/wp-content\/uploads\/2023\/02\/11-1024x683.jpg 1024w, https:\/\/www.uerdinger-buergerwehr.de\/wp-content\/uploads\/2023\/02\/11-300x200.jpg 300w, https:\/\/www.uerdinger-buergerwehr.de\/wp-content\/uploads\/2023\/02\/11-768x512.jpg 768w, https:\/\/www.uerdinger-buergerwehr.de\/wp-content\/uploads\/2023\/02\/11-1536x1024.jpg 1536w, https:\/\/www.uerdinger-buergerwehr.de\/wp-content\/uploads\/2023\/02\/11-930x620.jpg 930w, https:\/\/www.uerdinger-buergerwehr.de\/wp-content\/uploads\/2023\/02\/11.jpg 2048w\" sizes=\"auto, (max-width: 1024px) 100vw, 1024px\" \/><\/a><\/figure>\n\n\n\n<figure class=\"wp-block-image size-large\"><a href=\"https:\/\/www.uerdinger-buergerwehr.de\/wp-content\/uploads\/2023\/02\/12.jpg\"><img loading=\"lazy\" decoding=\"async\" width=\"1024\" height=\"683\" src=\"https:\/\/www.uerdinger-buergerwehr.de\/wp-content\/uploads\/2023\/02\/12-1024x683.jpg\" alt=\"\" class=\"wp-image-3836\" srcset=\"https:\/\/www.uerdinger-buergerwehr.de\/wp-content\/uploads\/2023\/02\/12-1024x683.jpg 1024w, https:\/\/www.uerdinger-buergerwehr.de\/wp-content\/uploads\/2023\/02\/12-300x200.jpg 300w, https:\/\/www.uerdinger-buergerwehr.de\/wp-content\/uploads\/2023\/02\/12-768x512.jpg 768w, https:\/\/www.uerdinger-buergerwehr.de\/wp-content\/uploads\/2023\/02\/12-1536x1024.jpg 1536w, https:\/\/www.uerdinger-buergerwehr.de\/wp-content\/uploads\/2023\/02\/12-930x620.jpg 930w, https:\/\/www.uerdinger-buergerwehr.de\/wp-content\/uploads\/2023\/02\/12.jpg 2048w\" sizes=\"auto, (max-width: 1024px) 100vw, 1024px\" \/><\/a><\/figure>\n\n\n\n<figure class=\"wp-block-image size-large\"><a href=\"https:\/\/www.uerdinger-buergerwehr.de\/wp-content\/uploads\/2023\/02\/13.jpg\"><img loading=\"lazy\" decoding=\"async\" width=\"1024\" height=\"626\" src=\"https:\/\/www.uerdinger-buergerwehr.de\/wp-content\/uploads\/2023\/02\/13-1024x626.jpg\" alt=\"\" class=\"wp-image-3838\" srcset=\"https:\/\/www.uerdinger-buergerwehr.de\/wp-content\/uploads\/2023\/02\/13-1024x626.jpg 1024w, https:\/\/www.uerdinger-buergerwehr.de\/wp-content\/uploads\/2023\/02\/13-300x184.jpg 300w, https:\/\/www.uerdinger-buergerwehr.de\/wp-content\/uploads\/2023\/02\/13-768x470.jpg 768w, https:\/\/www.uerdinger-buergerwehr.de\/wp-content\/uploads\/2023\/02\/13-1536x940.jpg 1536w, https:\/\/www.uerdinger-buergerwehr.de\/wp-content\/uploads\/2023\/02\/13.jpg 2019w\" sizes=\"auto, (max-width: 1024px) 100vw, 1024px\" \/><\/a><figcaption class=\"wp-element-caption\">Schmitz Backes<\/figcaption><\/figure>\n\n\n\n<figure class=\"wp-block-image size-large\"><a href=\"https:\/\/www.uerdinger-buergerwehr.de\/wp-content\/uploads\/2023\/11\/IMG_0094.jpeg\"><img loading=\"lazy\" decoding=\"async\" width=\"1024\" height=\"768\" src=\"https:\/\/www.uerdinger-buergerwehr.de\/wp-content\/uploads\/2023\/11\/IMG_0094-1024x768.jpeg\" alt=\"\" class=\"wp-image-3981\" srcset=\"https:\/\/www.uerdinger-buergerwehr.de\/wp-content\/uploads\/2023\/11\/IMG_0094-1024x768.jpeg 1024w, https:\/\/www.uerdinger-buergerwehr.de\/wp-content\/uploads\/2023\/11\/IMG_0094-300x225.jpeg 300w, https:\/\/www.uerdinger-buergerwehr.de\/wp-content\/uploads\/2023\/11\/IMG_0094-768x576.jpeg 768w, https:\/\/www.uerdinger-buergerwehr.de\/wp-content\/uploads\/2023\/11\/IMG_0094-1536x1152.jpeg 1536w, https:\/\/www.uerdinger-buergerwehr.de\/wp-content\/uploads\/2023\/11\/IMG_0094.jpeg 2048w\" sizes=\"auto, (max-width: 1024px) 100vw, 1024px\" \/><\/a><figcaption class=\"wp-element-caption\">Fiasko<\/figcaption><\/figure>\n<\/figure>\n\n\n\n<div style=\"height:23px\" aria-hidden=\"true\" class=\"wp-block-spacer\"><\/div>\n\n\n<div class=\"wp-block-image\">\n<figure class=\"aligncenter size-large is-resized\"><a href=\"https:\/\/www.uerdinger-buergerwehr.de\/wp-content\/uploads\/2023\/02\/8.jpg\"><img loading=\"lazy\" decoding=\"async\" src=\"https:\/\/www.uerdinger-buergerwehr.de\/wp-content\/uploads\/2023\/02\/8-1024x683.jpg\" alt=\"\" class=\"wp-image-3832\" width=\"568\" height=\"379\" srcset=\"https:\/\/www.uerdinger-buergerwehr.de\/wp-content\/uploads\/2023\/02\/8-1024x683.jpg 1024w, https:\/\/www.uerdinger-buergerwehr.de\/wp-content\/uploads\/2023\/02\/8-300x200.jpg 300w, https:\/\/www.uerdinger-buergerwehr.de\/wp-content\/uploads\/2023\/02\/8-768x512.jpg 768w, https:\/\/www.uerdinger-buergerwehr.de\/wp-content\/uploads\/2023\/02\/8-930x620.jpg 930w, https:\/\/www.uerdinger-buergerwehr.de\/wp-content\/uploads\/2023\/02\/8.jpg 1080w\" sizes=\"auto, (max-width: 568px) 100vw, 568px\" \/><\/a><\/figure><\/div><\/div>\n<\/div>\n","protected":false},"excerpt":{"rendered":"<p>Uniformappell der Uerdinger B\u00fcrgerwehr 1962 e.V. Die wohl wichtigste Veranstaltung der Uerdinger B\u00fcrgerwehrist der Uniformappell. In den Anf\u00e4ngen der B\u00fcrgerwehr, und damit meine ich dieersten 30 Jahre, feierte man die&hellip;&nbsp;<a href=\"https:\/\/www.uerdinger-buergerwehr.de\/?page_id=3474\" rel=\"bookmark\">Weiterlesen &raquo;<span class=\"screen-reader-text\">Uniformappell<\/span><\/a><\/p>\n","protected":false},"author":2,"featured_media":0,"parent":0,"menu_order":0,"comment_status":"closed","ping_status":"closed","template":"","meta":{"neve_meta_sidebar":"","neve_meta_container":"","neve_meta_enable_content_width":"","neve_meta_content_width":0,"neve_meta_title_alignment":"","neve_meta_author_avatar":"","neve_post_elements_order":"","neve_meta_disable_header":"","neve_meta_disable_footer":"","neve_meta_disable_title":"","ngg_post_thumbnail":0,"_EventAllDay":false,"_EventTimezone":"","_EventStartDate":"","_EventEndDate":"","_EventStartDateUTC":"","_EventEndDateUTC":"","_EventShowMap":false,"_EventShowMapLink":false,"_EventURL":"","_EventCost":"","_EventCostDescription":"","_EventCurrencySymbol":"","_EventCurrencyCode":"","_EventCurrencyPosition":"","_EventDateTimeSeparator":"","_EventTimeRangeSeparator":"","_EventOrganizerID":[],"_EventVenueID":[],"_OrganizerEmail":"","_OrganizerPhone":"","_OrganizerWebsite":"","_VenueAddress":"","_VenueCity":"","_VenueCountry":"","_VenueProvince":"","_VenueState":"","_VenueZip":"","_VenuePhone":"","_VenueURL":"","_VenueStateProvince":"","_VenueLat":"","_VenueLng":"","_VenueShowMap":false,"_VenueShowMapLink":false,"footnotes":""},"class_list":["post-3474","page","type-page","status-publish","hentry"],"_links":{"self":[{"href":"https:\/\/www.uerdinger-buergerwehr.de\/index.php?rest_route=\/wp\/v2\/pages\/3474","targetHints":{"allow":["GET"]}}],"collection":[{"href":"https:\/\/www.uerdinger-buergerwehr.de\/index.php?rest_route=\/wp\/v2\/pages"}],"about":[{"href":"https:\/\/www.uerdinger-buergerwehr.de\/index.php?rest_route=\/wp\/v2\/types\/page"}],"author":[{"embeddable":true,"href":"https:\/\/www.uerdinger-buergerwehr.de\/index.php?rest_route=\/wp\/v2\/users\/2"}],"replies":[{"embeddable":true,"href":"https:\/\/www.uerdinger-buergerwehr.de\/index.php?rest_route=%2Fwp%2Fv2%2Fcomments&post=3474"}],"version-history":[{"count":9,"href":"https:\/\/www.uerdinger-buergerwehr.de\/index.php?rest_route=\/wp\/v2\/pages\/3474\/revisions"}],"predecessor-version":[{"id":3987,"href":"https:\/\/www.uerdinger-buergerwehr.de\/index.php?rest_route=\/wp\/v2\/pages\/3474\/revisions\/3987"}],"wp:attachment":[{"href":"https:\/\/www.uerdinger-buergerwehr.de\/index.php?rest_route=%2Fwp%2Fv2%2Fmedia&parent=3474"}],"curies":[{"name":"wp","href":"https:\/\/api.w.org\/{rel}","templated":true}]}}