{"id":3470,"date":"2018-11-25T18:35:07","date_gmt":"2018-11-25T17:35:07","guid":{"rendered":"http:\/\/www.uerdinger-buergerwehr.de\/?page_id=3470"},"modified":"2023-03-02T18:00:01","modified_gmt":"2023-03-02T17:00:01","slug":"jeck-im-beach","status":"publish","type":"page","link":"https:\/\/www.uerdinger-buergerwehr.de\/?page_id=3470","title":{"rendered":"Jeck im Beach"},"content":{"rendered":"\n<div style=\"height:67px\" aria-hidden=\"true\" class=\"wp-block-spacer\"><\/div>\n\n\n\n<h3 class=\"wp-block-heading\">Jeck im Beach <\/h3>\n\n\n\n<div class=\"wp-block-columns is-layout-flex wp-container-core-columns-is-layout-1 wp-block-columns-is-layout-flex\">\n<div class=\"wp-block-column is-layout-flow wp-block-column-is-layout-flow\">\n<p>Karneval im Sommer\u2026 das passt nicht zusammen, denken<br>Sie? Von wegen!<\/p>\n\n\n\n<p>Seit zwei Jahren geht dieses Konzept in der<br>Karnevalshochburg K\u00f6ln nun schon auf. Statt wie \u00fcblich bei<br>K\u00e4lte oder gar Schnee und Regen, feiern die Jecken nun<br>einmal im Jahr auch im \u201eSunnesching\u201c, bei sommerlichen<br>Temperaturen. Und was die K\u00f6lner k\u00f6nnen, k\u00f6nnen wir<br>Uerdinger schon lange.<br>Ungef\u00e4hr so entstand die Idee f\u00fcr \u201eJeck im Beach\u201c.<\/p>\n\n\n\n<p>Ein Veranstaltungsort war nat\u00fcrlich schnell gefunden, denn<br>was w\u00fcrde sich f\u00fcr eine oedingsche Version dieses Spektakels<br>besser eignen, als der Beachclub Krefeld. <\/p>\n\n\n\n<p>In Uerdingen gelegen, bietet er die perfekte Atmosph\u00e4re <br>f\u00fcr den Karneval im Sommer. Gl\u00fccklicherweise brauchte es <br>nicht viel \u00dcberzeugungskraft, um das Team des Beachclubs f\u00fcr <br>die Veranstaltung ins Boot zu holen. Dies lag nat\u00fcrlich auch an<br>der tatkr\u00e4ftigen Unterst\u00fctzung von Daniel Kreutzer, der schon<br>seit rund sechs Jahren Mitglied der B\u00fcrgerwehr ist, sowie<br>fester Bestandteil der Beachcrew.<\/p>\n\n\n\n<p>Umgesetzt wurde das Ganze letztlich von Daniel Kreutzer und<br>Kai Reichenberg, die die Organisation \u00fcbernahmen und sich<br>einiges f\u00fcr die erste \u201eJeck im Beach\u201c Party einfallen lie\u00dfen.<br>Im September 2016, bei bestem Wetter und lockerer<br>Strandatmosph\u00e4re, sollte den Jecken der Rheinstadt schon<br>einmal Lust auf die anstehende Session gemacht werden.<br>500 Karten sollten zun\u00e4chst f\u00fcr den Vorverkauf zur Verf\u00fcgung<br>gestellt werden, doch eigentlich rechnete man nicht damit,<br>dass diese auch tats\u00e4chlich ben\u00f6tigt w\u00fcrden.<\/p>\n\n\n\n<p>Wir wurden eines Besseren belehrt und mussten feststellen,<br>dass die Vorverkaufskarten in k\u00fcrzester Zeit vergriffen waren.<br>Rund 750 Leute besuchten schlie\u00dflich die erste Veranstaltung<br>und schnell war klar: das schreit nach Wiederholung!<\/p>\n<\/div>\n\n\n\n<div class=\"wp-block-column is-layout-flow wp-block-column-is-layout-flow\"><div class=\"wp-block-image\">\n<figure class=\"aligncenter\"><a href=\"https:\/\/www.uerdinger-buergerwehr.de\/wp-content\/gallery\/jeck-im-beach-2017-von-andreas-goertz\/DSC_8586.jpg\"><img decoding=\"async\" src=\"https:\/\/www.uerdinger-buergerwehr.de\/wp-content\/gallery\/jeck-im-beach-2017-von-andreas-goertz\/DSC_8586.jpg\" alt=\"DSC_8586\"\/><\/a><\/figure><\/div>\n\n\n<figure class=\"wp-block-gallery has-nested-images columns-default is-cropped wp-block-gallery-1 is-layout-flex wp-block-gallery-is-layout-flex\">\n<figure class=\"wp-block-image size-large\"><a href=\"https:\/\/www.uerdinger-buergerwehr.de\/wp-content\/uploads\/2023\/02\/3.jpg\"><img loading=\"lazy\" decoding=\"async\" width=\"2048\" height=\"1365\" src=\"https:\/\/www.uerdinger-buergerwehr.de\/wp-content\/uploads\/2023\/02\/3-1024x683.jpg\" alt=\"\" class=\"wp-image-3812\" srcset=\"https:\/\/www.uerdinger-buergerwehr.de\/wp-content\/uploads\/2023\/02\/3-1024x683.jpg 1024w, https:\/\/www.uerdinger-buergerwehr.de\/wp-content\/uploads\/2023\/02\/3-300x200.jpg 300w, https:\/\/www.uerdinger-buergerwehr.de\/wp-content\/uploads\/2023\/02\/3-768x512.jpg 768w, https:\/\/www.uerdinger-buergerwehr.de\/wp-content\/uploads\/2023\/02\/3-1536x1024.jpg 1536w, https:\/\/www.uerdinger-buergerwehr.de\/wp-content\/uploads\/2023\/02\/3-930x620.jpg 930w, https:\/\/www.uerdinger-buergerwehr.de\/wp-content\/uploads\/2023\/02\/3.jpg 2048w\" sizes=\"auto, (max-width: 2048px) 100vw, 2048px\" \/><\/a><\/figure>\n\n\n\n<figure class=\"wp-block-image size-large\"><a href=\"https:\/\/www.uerdinger-buergerwehr.de\/wp-content\/uploads\/2023\/02\/4.jpg\"><img loading=\"lazy\" decoding=\"async\" width=\"1024\" height=\"683\" src=\"https:\/\/www.uerdinger-buergerwehr.de\/wp-content\/uploads\/2023\/02\/4-1024x683.jpg\" alt=\"\" class=\"wp-image-3813\" srcset=\"https:\/\/www.uerdinger-buergerwehr.de\/wp-content\/uploads\/2023\/02\/4-1024x683.jpg 1024w, https:\/\/www.uerdinger-buergerwehr.de\/wp-content\/uploads\/2023\/02\/4-300x200.jpg 300w, https:\/\/www.uerdinger-buergerwehr.de\/wp-content\/uploads\/2023\/02\/4-768x512.jpg 768w, https:\/\/www.uerdinger-buergerwehr.de\/wp-content\/uploads\/2023\/02\/4-1536x1024.jpg 1536w, https:\/\/www.uerdinger-buergerwehr.de\/wp-content\/uploads\/2023\/02\/4-930x620.jpg 930w, https:\/\/www.uerdinger-buergerwehr.de\/wp-content\/uploads\/2023\/02\/4.jpg 2048w\" sizes=\"auto, (max-width: 1024px) 100vw, 1024px\" \/><\/a><\/figure>\n\n\n\n<figure class=\"wp-block-image size-large\"><a href=\"https:\/\/www.uerdinger-buergerwehr.de\/wp-content\/uploads\/2023\/02\/5.jpg\"><img loading=\"lazy\" decoding=\"async\" width=\"1024\" height=\"683\" src=\"https:\/\/www.uerdinger-buergerwehr.de\/wp-content\/uploads\/2023\/02\/5-1024x683.jpg\" alt=\"\" class=\"wp-image-3811\" srcset=\"https:\/\/www.uerdinger-buergerwehr.de\/wp-content\/uploads\/2023\/02\/5-1024x683.jpg 1024w, https:\/\/www.uerdinger-buergerwehr.de\/wp-content\/uploads\/2023\/02\/5-300x200.jpg 300w, https:\/\/www.uerdinger-buergerwehr.de\/wp-content\/uploads\/2023\/02\/5-768x512.jpg 768w, https:\/\/www.uerdinger-buergerwehr.de\/wp-content\/uploads\/2023\/02\/5-1536x1024.jpg 1536w, https:\/\/www.uerdinger-buergerwehr.de\/wp-content\/uploads\/2023\/02\/5-930x620.jpg 930w, https:\/\/www.uerdinger-buergerwehr.de\/wp-content\/uploads\/2023\/02\/5.jpg 2048w\" sizes=\"auto, (max-width: 1024px) 100vw, 1024px\" \/><\/a><\/figure>\n\n\n\n<figure class=\"wp-block-image size-large\"><a href=\"https:\/\/www.uerdinger-buergerwehr.de\/wp-content\/uploads\/2023\/02\/Beachclub.jpg\"><img loading=\"lazy\" decoding=\"async\" width=\"1024\" height=\"1024\" src=\"https:\/\/www.uerdinger-buergerwehr.de\/wp-content\/uploads\/2023\/02\/Beachclub-1024x1024.jpg\" alt=\"\" class=\"wp-image-3808\" srcset=\"https:\/\/www.uerdinger-buergerwehr.de\/wp-content\/uploads\/2023\/02\/Beachclub-1024x1024.jpg 1024w, https:\/\/www.uerdinger-buergerwehr.de\/wp-content\/uploads\/2023\/02\/Beachclub-300x300.jpg 300w, https:\/\/www.uerdinger-buergerwehr.de\/wp-content\/uploads\/2023\/02\/Beachclub-150x150.jpg 150w, https:\/\/www.uerdinger-buergerwehr.de\/wp-content\/uploads\/2023\/02\/Beachclub-768x768.jpg 768w, https:\/\/www.uerdinger-buergerwehr.de\/wp-content\/uploads\/2023\/02\/Beachclub.jpg 1200w\" sizes=\"auto, (max-width: 1024px) 100vw, 1024px\" \/><\/a><\/figure>\n\n\n\n<figure class=\"wp-block-image size-large\"><a href=\"https:\/\/www.uerdinger-buergerwehr.de\/wp-content\/uploads\/2017\/07\/Flyer-mit-BandfotoJiB-Eine-Ebene-page-001.jpg\"><img loading=\"lazy\" decoding=\"async\" width=\"726\" height=\"1024\" src=\"https:\/\/www.uerdinger-buergerwehr.de\/wp-content\/uploads\/2017\/07\/Flyer-mit-BandfotoJiB-Eine-Ebene-page-001-726x1024.jpg\" alt=\"Jeck im Beach 2017\" class=\"wp-image-1875\" srcset=\"https:\/\/www.uerdinger-buergerwehr.de\/wp-content\/uploads\/2017\/07\/Flyer-mit-BandfotoJiB-Eine-Ebene-page-001-726x1024.jpg 726w, https:\/\/www.uerdinger-buergerwehr.de\/wp-content\/uploads\/2017\/07\/Flyer-mit-BandfotoJiB-Eine-Ebene-page-001-213x300.jpg 213w, https:\/\/www.uerdinger-buergerwehr.de\/wp-content\/uploads\/2017\/07\/Flyer-mit-BandfotoJiB-Eine-Ebene-page-001-768x1084.jpg 768w, https:\/\/www.uerdinger-buergerwehr.de\/wp-content\/uploads\/2017\/07\/Flyer-mit-BandfotoJiB-Eine-Ebene-page-001.jpg 1766w\" sizes=\"auto, (max-width: 726px) 100vw, 726px\" \/><\/a><figcaption class=\"wp-element-caption\">Jeck im Beach 2017<\/figcaption><\/figure>\n<\/figure>\n<\/div>\n<\/div>\n","protected":false},"excerpt":{"rendered":"<p>Jeck im Beach Karneval im Sommer\u2026 das passt nicht zusammen, denkenSie? Von wegen! Seit zwei Jahren geht dieses Konzept in derKarnevalshochburg K\u00f6ln nun schon auf. Statt wie \u00fcblich beiK\u00e4lte oder&hellip;&nbsp;<a href=\"https:\/\/www.uerdinger-buergerwehr.de\/?page_id=3470\" rel=\"bookmark\">Weiterlesen &raquo;<span class=\"screen-reader-text\">Jeck im Beach<\/span><\/a><\/p>\n","protected":false},"author":2,"featured_media":0,"parent":0,"menu_order":0,"comment_status":"closed","ping_status":"closed","template":"","meta":{"neve_meta_sidebar":"","neve_meta_container":"","neve_meta_enable_content_width":"","neve_meta_content_width":0,"neve_meta_title_alignment":"","neve_meta_author_avatar":"","neve_post_elements_order":"","neve_meta_disable_header":"","neve_meta_disable_footer":"","neve_meta_disable_title":"","ngg_post_thumbnail":0,"_EventAllDay":false,"_EventTimezone":"","_EventStartDate":"","_EventEndDate":"","_EventStartDateUTC":"","_EventEndDateUTC":"","_EventShowMap":false,"_EventShowMapLink":false,"_EventURL":"","_EventCost":"","_EventCostDescription":"","_EventCurrencySymbol":"","_EventCurrencyCode":"","_EventCurrencyPosition":"","_EventDateTimeSeparator":"","_EventTimeRangeSeparator":"","_EventOrganizerID":[],"_EventVenueID":[],"_OrganizerEmail":"","_OrganizerPhone":"","_OrganizerWebsite":"","_VenueAddress":"","_VenueCity":"","_VenueCountry":"","_VenueProvince":"","_VenueState":"","_VenueZip":"","_VenuePhone":"","_VenueURL":"","_VenueStateProvince":"","_VenueLat":"","_VenueLng":"","_VenueShowMap":false,"_VenueShowMapLink":false,"footnotes":""},"class_list":["post-3470","page","type-page","status-publish","hentry"],"_links":{"self":[{"href":"https:\/\/www.uerdinger-buergerwehr.de\/index.php?rest_route=\/wp\/v2\/pages\/3470","targetHints":{"allow":["GET"]}}],"collection":[{"href":"https:\/\/www.uerdinger-buergerwehr.de\/index.php?rest_route=\/wp\/v2\/pages"}],"about":[{"href":"https:\/\/www.uerdinger-buergerwehr.de\/index.php?rest_route=\/wp\/v2\/types\/page"}],"author":[{"embeddable":true,"href":"https:\/\/www.uerdinger-buergerwehr.de\/index.php?rest_route=\/wp\/v2\/users\/2"}],"replies":[{"embeddable":true,"href":"https:\/\/www.uerdinger-buergerwehr.de\/index.php?rest_route=%2Fwp%2Fv2%2Fcomments&post=3470"}],"version-history":[{"count":5,"href":"https:\/\/www.uerdinger-buergerwehr.de\/index.php?rest_route=\/wp\/v2\/pages\/3470\/revisions"}],"predecessor-version":[{"id":3888,"href":"https:\/\/www.uerdinger-buergerwehr.de\/index.php?rest_route=\/wp\/v2\/pages\/3470\/revisions\/3888"}],"wp:attachment":[{"href":"https:\/\/www.uerdinger-buergerwehr.de\/index.php?rest_route=%2Fwp%2Fv2%2Fmedia&parent=3470"}],"curies":[{"name":"wp","href":"https:\/\/api.w.org\/{rel}","templated":true}]}}