{"id":3184,"date":"2023-03-08T16:22:05","date_gmt":"2023-03-08T15:22:05","guid":{"rendered":"http:\/\/www.uerdinger-buergerwehr.de\/?page_id=3184"},"modified":"2025-12-28T22:59:07","modified_gmt":"2025-12-28T21:59:07","slug":"ehrentafel","status":"publish","type":"page","link":"https:\/\/www.uerdinger-buergerwehr.de\/?page_id=3184","title":{"rendered":"Ehrentafel"},"content":{"rendered":"\n<div style=\"height:50px\" aria-hidden=\"true\" class=\"wp-block-spacer\"><\/div>\n\n\n\n<h3 class=\"wp-block-heading has-text-align-left\">Ehrentafel der Uerdinger B\u00fcrgerwehr 1962 e.V.<\/h3>\n\n\n\n<figure class=\"wp-block-image size-large is-resized\"><img loading=\"lazy\" decoding=\"async\" width=\"1024\" height=\"363\" src=\"https:\/\/www.uerdinger-buergerwehr.de\/wp-content\/uploads\/2023\/03\/Schleife-gold-1024x363.gif\" alt=\"\" class=\"wp-image-3904\" style=\"width:1183px;height:419px\" srcset=\"https:\/\/www.uerdinger-buergerwehr.de\/wp-content\/uploads\/2023\/03\/Schleife-gold-1024x363.gif 1024w, https:\/\/www.uerdinger-buergerwehr.de\/wp-content\/uploads\/2023\/03\/Schleife-gold-300x106.gif 300w, https:\/\/www.uerdinger-buergerwehr.de\/wp-content\/uploads\/2023\/03\/Schleife-gold-768x272.gif 768w, https:\/\/www.uerdinger-buergerwehr.de\/wp-content\/uploads\/2023\/03\/Schleife-gold-1536x544.gif 1536w\" sizes=\"auto, (max-width: 1024px) 100vw, 1024px\" \/><\/figure>\n\n\n\n<div class=\"wp-block-columns is-layout-flex wp-container-core-columns-is-layout-1 wp-block-columns-is-layout-flex\">\n<div class=\"wp-block-column is-layout-flow wp-block-column-is-layout-flow\">\n<p class=\"has-medium-font-size\"><strong>Stadtkommandant<\/strong><\/p>\n<\/div>\n\n\n\n<div class=\"wp-block-column is-layout-flow wp-block-column-is-layout-flow\">\n<p>Kurt Groten<br>Antonius Wolf<\/p>\n<\/div>\n\n\n\n<div class=\"wp-block-column is-layout-flow wp-block-column-is-layout-flow\"><\/div>\n<\/div>\n\n\n\n<div class=\"wp-block-columns is-layout-flex wp-container-core-columns-is-layout-2 wp-block-columns-is-layout-flex\">\n<div class=\"wp-block-column is-layout-flow wp-block-column-is-layout-flow\" style=\"flex-basis:35%\">\n<p class=\"has-medium-font-size\"><strong>Ehrenmarschal<\/strong>l:<\/p>\n<\/div>\n\n\n\n<div class=\"wp-block-column is-layout-flow wp-block-column-is-layout-flow\" style=\"flex-basis:30%\">\n<p class=\"has-medium-font-size\">Kurt Groten<br>Antonius Wolf <\/p>\n<\/div>\n\n\n\n<div class=\"wp-block-column is-layout-flow wp-block-column-is-layout-flow\" style=\"flex-basis:33.33%\"><\/div>\n<\/div>\n\n\n\n<div class=\"wp-block-columns is-layout-flex wp-container-core-columns-is-layout-3 wp-block-columns-is-layout-flex\">\n<div class=\"wp-block-column is-layout-flow wp-block-column-is-layout-flow\" style=\"flex-basis:35%\">\n<p class=\"has-medium-font-size\"><strong>Ehrenkommandeur:<\/strong><\/p>\n<\/div>\n\n\n\n<div class=\"wp-block-column is-layout-flow wp-block-column-is-layout-flow\" style=\"flex-basis:30%\">\n<p class=\"has-medium-font-size\">Toni Flocks<br>Dieter Erlenmeyer<br>Hans Moll<\/p>\n<\/div>\n\n\n\n<div class=\"wp-block-column is-layout-flow wp-block-column-is-layout-flow\" style=\"flex-basis:33.33%\"><\/div>\n<\/div>\n\n\n\n<div class=\"wp-block-columns is-layout-flex wp-container-core-columns-is-layout-4 wp-block-columns-is-layout-flex\">\n<div class=\"wp-block-column is-layout-flow wp-block-column-is-layout-flow\" style=\"flex-basis:35%\">\n<p class=\"has-medium-font-size\"><strong>Ehrenvorsitzender:<\/strong><\/p>\n<\/div>\n\n\n\n<div class=\"wp-block-column is-layout-flow wp-block-column-is-layout-flow\" style=\"flex-basis:30%\">\n<p class=\"has-medium-font-size\">Klaus Schluckebier<\/p>\n<\/div>\n\n\n\n<div class=\"wp-block-column is-layout-flow wp-block-column-is-layout-flow\" style=\"flex-basis:33.33%\">\n<p class=\"has-medium-font-size\"><\/p>\n<\/div>\n<\/div>\n\n\n\n<div class=\"wp-block-columns is-layout-flex wp-container-core-columns-is-layout-5 wp-block-columns-is-layout-flex\">\n<div class=\"wp-block-column is-layout-flow wp-block-column-is-layout-flow\" style=\"flex-basis:35%\">\n<p class=\"has-medium-font-size\"><strong>Ehrenoberst:<\/strong><br><em>&#8222;Unsere Ex-Prinzessinnen&#8220;<\/em><\/p>\n<\/div>\n\n\n\n<div class=\"wp-block-column is-layout-flow wp-block-column-is-layout-flow\" style=\"flex-basis:30%\">\n<p class=\"has-medium-font-size\">Gerda I. (Blondin)<br>Ilona I. (Kr\u00f6lls)<br>Uschi I. (Wohlgemuth)<br>Maria I. (Weitmann)<br>Lotti I. (Naebers)<br>Tina II. (Weyers)<br>Bettina I. (Schulzki)<br>Liesel I. (van der Heusen)<br>Margret II. (Maa\u00dfen)<br>Monika I. (Niemann)<br>Adelgund I (Ruys)<br>Lolita I. (Fortmann)<br>Andrea I. (Vins)<br>Anja I. (Mellen)<br>Petra I. (Matz)<br>Andrea II. (Hufen)<br>Anke I. (Schmidt)<br>Rosi I. (H\u00f6lters)<br>Angela I. (Wei\u00dfkopf)<br>Silvia I. (Schluckebier)<br>Margret I. (Vins)<\/p>\n<\/div>\n\n\n\n<div class=\"wp-block-column is-layout-flow wp-block-column-is-layout-flow\" style=\"flex-basis:33.33%\">\n<p class=\"has-medium-font-size\">Renate II. (Schroers)<br>Helga II. (Landwehr)<br>Tina III. (Heinemann)<br>Katrin I. (Lieder)<br>Fine I. (Boom)<br>Ingrid II. (Kemper)<br>Babs I. (Knorrek)<br>Solveig I. (Holste)<br>Elke I. (Hemmers)<br>Sonja I. (Kusch)<br>Martina I. (K\u00fcsters)<br>Barbara II. (Bock)<br>Gabriele I. (S\u00fcllwold-Wienes)<br>Iris I. (Dollbaum)<br>Gaby II. (Willutzki)<br>Nici I. (D\u00f6nni)<br>Nicole I. (Specker)<br>Bettina II. Sp\u00f6rk<br>Sarah I. (Willutzki)<br>Karla I. (Kinderprinzessin)<\/p>\n<\/div>\n<\/div>\n\n\n\n<div class=\"wp-block-columns is-layout-flex wp-container-core-columns-is-layout-6 wp-block-columns-is-layout-flex\">\n<div class=\"wp-block-column is-layout-flow wp-block-column-is-layout-flow\" style=\"flex-basis:35%\">\n<p class=\"has-medium-font-size\"><strong>Ehrenmajor:<\/strong><\/p>\n<\/div>\n\n\n\n<div class=\"wp-block-column is-layout-flow wp-block-column-is-layout-flow\" style=\"flex-basis:30%\">\n<p class=\"has-medium-font-size\">Karl-Heinz Zanders<br>J\u00fcrgen Hengst<br>Werner N\u00e4ser<br>Rainer K\u00fcsters<br>Karl-Heinz Wanner<br>Thomas Jan\u00dfen<br>Frank Meyer<br>Michael Kreuz<br>Timo K\u00fchn<\/p>\n<\/div>\n\n\n\n<div class=\"wp-block-column is-layout-flow wp-block-column-is-layout-flow\" style=\"flex-basis:33.33%\">\n<p class=\"has-medium-font-size\">Werner Br\u00fcckner<br>G\u00fcnther Boeker<br>Elmar Jakubowski<br>Josef Kaes<br>G\u00fcnter Herx<br>Frank Weber<br>Peter Gather<br>Alexander Henes<br><\/p>\n<\/div>\n<\/div>\n\n\n\n<div class=\"wp-block-columns is-layout-flex wp-container-core-columns-is-layout-7 wp-block-columns-is-layout-flex\">\n<div class=\"wp-block-column is-layout-flow wp-block-column-is-layout-flow\" style=\"flex-basis:35%\">\n<p class=\"has-medium-font-size\"><strong>Ehrenstabsgefreiter:<\/strong><\/p>\n<\/div>\n\n\n\n<div class=\"wp-block-column is-layout-flow wp-block-column-is-layout-flow\" style=\"flex-basis:30%\">\n<p class=\"has-medium-font-size\">Kurt-J\u00f6rg Rogall<br>Norbert Gliedmeyer<br>Joseph Schweers<br>Theo Vins<\/p>\n<\/div>\n\n\n\n<div class=\"wp-block-column is-layout-flow wp-block-column-is-layout-flow\" style=\"flex-basis:33.33%\">\n<p class=\"has-medium-font-size\">Karl-Heinz von Runkel<br>Hanni Kratz-Kluth<br>Josef Staudt<br><\/p>\n<\/div>\n<\/div>\n\n\n\n<div class=\"wp-block-columns is-layout-flex wp-container-core-columns-is-layout-8 wp-block-columns-is-layout-flex\">\n<div class=\"wp-block-column is-layout-flow wp-block-column-is-layout-flow\" style=\"flex-basis:35%\">\n<p class=\"has-medium-font-size\"><strong>Ehren Musikband:<\/strong><\/p>\n<\/div>\n\n\n\n<div class=\"wp-block-column is-layout-flow wp-block-column-is-layout-flow\" style=\"flex-basis:30%\">\n<p class=\"has-medium-font-size\">Rhienst\u00e4dter<\/p>\n<\/div>\n\n\n\n<div class=\"wp-block-column is-layout-flow wp-block-column-is-layout-flow\" style=\"flex-basis:33.33%\">\n<p class=\"has-medium-font-size\"><\/p>\n<\/div>\n<\/div>\n\n\n\n<div class=\"wp-block-columns is-layout-flex wp-container-core-columns-is-layout-9 wp-block-columns-is-layout-flex\">\n<div class=\"wp-block-column is-layout-flow wp-block-column-is-layout-flow\" style=\"flex-basis:35%\">\n<p class=\"has-medium-font-size\"><strong>Ehrenfeldgeistlicher:<\/strong><\/p>\n<\/div>\n\n\n\n<div class=\"wp-block-column is-layout-flow wp-block-column-is-layout-flow\" style=\"flex-basis:30%\">\n<p class=\"has-medium-font-size\">Stefan Kaiser<\/p>\n<\/div>\n\n\n\n<div class=\"wp-block-column is-layout-flow wp-block-column-is-layout-flow\" style=\"flex-basis:33.33%\">\n<p class=\"has-medium-font-size\"><\/p>\n<\/div>\n<\/div>\n\n\n\n<div class=\"wp-block-columns is-layout-flex wp-container-core-columns-is-layout-10 wp-block-columns-is-layout-flex\">\n<div class=\"wp-block-column is-layout-flow wp-block-column-is-layout-flow\" style=\"flex-basis:35%\">\n<p class=\"has-medium-font-size\"><strong>Ehrenstandartentr\u00e4ger:<\/strong><\/p>\n<\/div>\n\n\n\n<div class=\"wp-block-column is-layout-flow wp-block-column-is-layout-flow\" style=\"flex-basis:30%\">\n<p class=\"has-medium-font-size\">Hans-Josef Maa\u00dfen<\/p>\n<\/div>\n\n\n\n<div class=\"wp-block-column is-layout-flow wp-block-column-is-layout-flow\" style=\"flex-basis:33.33%\">\n<p class=\"has-medium-font-size\"><\/p>\n<\/div>\n<\/div>\n\n\n\n<div class=\"wp-block-columns is-layout-flex wp-container-core-columns-is-layout-11 wp-block-columns-is-layout-flex\">\n<div class=\"wp-block-column is-layout-flow wp-block-column-is-layout-flow\" style=\"flex-basis:35%\">\n<p class=\"has-medium-font-size\"><strong>Ehren Rechtsverdreher:<\/strong><\/p>\n<\/div>\n\n\n\n<div class=\"wp-block-column is-layout-flow wp-block-column-is-layout-flow\" style=\"flex-basis:30%\">\n<p class=\"has-medium-font-size\">Christian Koeker<\/p>\n<\/div>\n\n\n\n<div class=\"wp-block-column is-layout-flow wp-block-column-is-layout-flow\" style=\"flex-basis:33.33%\">\n<p class=\"has-medium-font-size\"><\/p>\n<\/div>\n<\/div>\n\n\n\n<div class=\"wp-block-columns is-layout-flex wp-container-core-columns-is-layout-12 wp-block-columns-is-layout-flex\">\n<div class=\"wp-block-column is-layout-flow wp-block-column-is-layout-flow\" style=\"flex-basis:35%\">\n<p class=\"has-medium-font-size\"><strong>Ehren Fuhrparkleiter:<\/strong><\/p>\n<\/div>\n\n\n\n<div class=\"wp-block-column is-layout-flow wp-block-column-is-layout-flow\" style=\"flex-basis:30%\">\n<p class=\"has-medium-font-size\">Dieter Overbeck<\/p>\n<\/div>\n\n\n\n<div class=\"wp-block-column is-layout-flow wp-block-column-is-layout-flow\" style=\"flex-basis:33.33%\">\n<p class=\"has-medium-font-size\"><\/p>\n<\/div>\n<\/div>\n\n\n\n<div class=\"wp-block-columns is-layout-flex wp-container-core-columns-is-layout-13 wp-block-columns-is-layout-flex\">\n<div class=\"wp-block-column is-layout-flow wp-block-column-is-layout-flow\" style=\"flex-basis:35%\">\n<p class=\"has-medium-font-size\"><strong>Leutnant der zivilen Reserve:<\/strong><\/p>\n<\/div>\n\n\n\n<div class=\"wp-block-column is-layout-flow wp-block-column-is-layout-flow\" style=\"flex-basis:30%\">\n<p class=\"has-medium-font-size\">Ervin Lichtenberg<br>Karl-Heinz Blondin<\/p>\n<\/div>\n\n\n\n<div class=\"wp-block-column is-layout-flow wp-block-column-is-layout-flow\" style=\"flex-basis:33.33%\">\n<p class=\"has-medium-font-size\">Hans-Dieter Diercks<br>Siegfried von Runkel<\/p>\n<\/div>\n<\/div>\n\n\n\n<p><\/p>\n","protected":false},"excerpt":{"rendered":"<p>Ehrentafel der Uerdinger B\u00fcrgerwehr 1962 e.V. Stadtkommandant Kurt GrotenAntonius Wolf Ehrenmarschall: Kurt GrotenAntonius Wolf Ehrenkommandeur: Toni FlocksDieter ErlenmeyerHans Moll Ehrenvorsitzender: Klaus Schluckebier Ehrenoberst:&#8222;Unsere Ex-Prinzessinnen&#8220; Gerda I. (Blondin)Ilona I. (Kr\u00f6lls)Uschi I.&hellip;&nbsp;<a href=\"https:\/\/www.uerdinger-buergerwehr.de\/?page_id=3184\" rel=\"bookmark\">Weiterlesen &raquo;<span class=\"screen-reader-text\">Ehrentafel<\/span><\/a><\/p>\n","protected":false},"author":2,"featured_media":0,"parent":0,"menu_order":0,"comment_status":"closed","ping_status":"closed","template":"","meta":{"neve_meta_sidebar":"","neve_meta_container":"","neve_meta_enable_content_width":"","neve_meta_content_width":0,"neve_meta_title_alignment":"","neve_meta_author_avatar":"","neve_post_elements_order":"","neve_meta_disable_header":"","neve_meta_disable_footer":"","neve_meta_disable_title":"","ngg_post_thumbnail":0,"_EventAllDay":false,"_EventTimezone":"","_EventStartDate":"","_EventEndDate":"","_EventStartDateUTC":"","_EventEndDateUTC":"","_EventShowMap":false,"_EventShowMapLink":false,"_EventURL":"","_EventCost":"","_EventCostDescription":"","_EventCurrencySymbol":"","_EventCurrencyCode":"","_EventCurrencyPosition":"","_EventDateTimeSeparator":"","_EventTimeRangeSeparator":"","_EventOrganizerID":[],"_EventVenueID":[],"_OrganizerEmail":"","_OrganizerPhone":"","_OrganizerWebsite":"","_VenueAddress":"","_VenueCity":"","_VenueCountry":"","_VenueProvince":"","_VenueState":"","_VenueZip":"","_VenuePhone":"","_VenueURL":"","_VenueStateProvince":"","_VenueLat":"","_VenueLng":"","_VenueShowMap":false,"_VenueShowMapLink":false,"footnotes":""},"class_list":["post-3184","page","type-page","status-publish","hentry"],"_links":{"self":[{"href":"https:\/\/www.uerdinger-buergerwehr.de\/index.php?rest_route=\/wp\/v2\/pages\/3184","targetHints":{"allow":["GET"]}}],"collection":[{"href":"https:\/\/www.uerdinger-buergerwehr.de\/index.php?rest_route=\/wp\/v2\/pages"}],"about":[{"href":"https:\/\/www.uerdinger-buergerwehr.de\/index.php?rest_route=\/wp\/v2\/types\/page"}],"author":[{"embeddable":true,"href":"https:\/\/www.uerdinger-buergerwehr.de\/index.php?rest_route=\/wp\/v2\/users\/2"}],"replies":[{"embeddable":true,"href":"https:\/\/www.uerdinger-buergerwehr.de\/index.php?rest_route=%2Fwp%2Fv2%2Fcomments&post=3184"}],"version-history":[{"count":9,"href":"https:\/\/www.uerdinger-buergerwehr.de\/index.php?rest_route=\/wp\/v2\/pages\/3184\/revisions"}],"predecessor-version":[{"id":4156,"href":"https:\/\/www.uerdinger-buergerwehr.de\/index.php?rest_route=\/wp\/v2\/pages\/3184\/revisions\/4156"}],"wp:attachment":[{"href":"https:\/\/www.uerdinger-buergerwehr.de\/index.php?rest_route=%2Fwp%2Fv2%2Fmedia&parent=3184"}],"curies":[{"name":"wp","href":"https:\/\/api.w.org\/{rel}","templated":true}]}}